{"id":9121,"date":"2026-04-07T08:14:19","date_gmt":"2026-04-07T05:14:19","guid":{"rendered":"https:\/\/ozince.com\/magaza\/kategorilenmemis\/gates-5499xs-triger-kayisi-162-dis-astra-g-vectra-c-zafira-z14xe-z16xe-x18xe\/"},"modified":"2026-04-07T08:14:20","modified_gmt":"2026-04-07T05:14:20","slug":"gates-5499xs-triger-kayisi-162-dis-astra-g-vectra-c-zafira-z14xe-z16xe-x18xe","status":"publish","type":"product","link":"https:\/\/ozince.com\/magaza\/motor-mekanik-urunleri\/gates-5499xs-triger-kayisi-162-dis-astra-g-vectra-c-zafira-z14xe-z16xe-x18xe\/","title":{"rendered":"GATES-5499XS TR\u0130GER KAYI\u015eI (162 D\u0130\u015e) ASTRA G \/ VECTRA C \/ ZAF\u0130RA Z14XE-Z16XE-X18XE"},"content":{"rendered":"","protected":false},"excerpt":{"rendered":"","protected":false},"featured_media":13646,"template":"","meta":[],"product_brand":[299],"product_cat":[298],"product_tag":[378],"class_list":{"0":"post-9121","1":"product","2":"type-product","3":"status-publish","4":"has-post-thumbnail","6":"arac_markasi_modeli-astra-g","7":"arac_markasi_modeli-opel","8":"arac_markasi_modeli-vectra-c","9":"product_brand-gates","10":"product_cat-motor-mekanik-urunleri","11":"product_tag-altay","13":"first","14":"instock","15":"taxable","16":"shipping-taxable","17":"purchasable","18":"product-type-simple"},"jetpack_sharing_enabled":true,"_links":{"self":[{"href":"https:\/\/ozince.com\/magaza\/wp-json\/wp\/v2\/product\/9121","targetHints":{"allow":["GET"]}}],"collection":[{"href":"https:\/\/ozince.com\/magaza\/wp-json\/wp\/v2\/product"}],"about":[{"href":"https:\/\/ozince.com\/magaza\/wp-json\/wp\/v2\/types\/product"}],"wp:featuredmedia":[{"embeddable":true,"href":"https:\/\/ozince.com\/magaza\/wp-json\/wp\/v2\/media\/13646"}],"wp:attachment":[{"href":"https:\/\/ozince.com\/magaza\/wp-json\/wp\/v2\/media?parent=9121"}],"wp:term":[{"taxonomy":"product_brand","embeddable":true,"href":"https:\/\/ozince.com\/magaza\/wp-json\/wp\/v2\/product_brand?post=9121"},{"taxonomy":"product_cat","embeddable":true,"href":"https:\/\/ozince.com\/magaza\/wp-json\/wp\/v2\/product_cat?post=9121"},{"taxonomy":"product_tag","embeddable":true,"href":"https:\/\/ozince.com\/magaza\/wp-json\/wp\/v2\/product_tag?post=9121"}],"curies":[{"name":"wp","href":"https:\/\/api.w.org\/{rel}","templated":true}]}}