{"id":9115,"date":"2026-04-06T08:16:19","date_gmt":"2026-04-06T05:16:19","guid":{"rendered":"https:\/\/ozince.com\/magaza\/kategorilenmemis\/tyv-vm8308ebhfpsr-ayna-dis-dikiz-opel-astra-l-21-peugeot-308-21-elektrikli-katlanir-astarli-isitmalisag\/"},"modified":"2026-04-06T08:16:19","modified_gmt":"2026-04-06T05:16:19","slug":"tyv-vm8308ebhfpsr-ayna-dis-dikiz-opel-astra-l-21-peugeot-308-21-elektrikli-katlanir-astarli-isitmalisag","status":"publish","type":"product","link":"https:\/\/ozince.com\/magaza\/aksesuar-urunleri\/tyv-vm8308ebhfpsr-ayna-dis-dikiz-opel-astra-l-21-peugeot-308-21-elektrikli-katlanir-astarli-isitmalisag\/","title":{"rendered":"TYV-VM8308EBHFPSR AYNA DI\u015e D\u0130K\u0130Z OPEL ASTRA L 21= \/ PEUGEOT 308 21= (ELEKTR\u0130KL\u0130 KATLANIR-ASTARLI-ISITMALI)SA\u011e"},"content":{"rendered":"","protected":false},"excerpt":{"rendered":"","protected":false},"featured_media":15704,"template":"","meta":[],"product_brand":[431],"product_cat":[401],"product_tag":[378],"class_list":{"0":"post-9115","1":"product","2":"type-product","3":"status-publish","4":"has-post-thumbnail","6":"arac_markasi_modeli-302","7":"arac_markasi_modeli-peugeot","8":"product_brand-viewmax","9":"product_cat-aksesuar-urunleri","10":"product_tag-altay","12":"first","13":"instock","14":"taxable","15":"shipping-taxable","16":"purchasable","17":"product-type-simple"},"jetpack_sharing_enabled":true,"_links":{"self":[{"href":"https:\/\/ozince.com\/magaza\/wp-json\/wp\/v2\/product\/9115","targetHints":{"allow":["GET"]}}],"collection":[{"href":"https:\/\/ozince.com\/magaza\/wp-json\/wp\/v2\/product"}],"about":[{"href":"https:\/\/ozince.com\/magaza\/wp-json\/wp\/v2\/types\/product"}],"wp:featuredmedia":[{"embeddable":true,"href":"https:\/\/ozince.com\/magaza\/wp-json\/wp\/v2\/media\/15704"}],"wp:attachment":[{"href":"https:\/\/ozince.com\/magaza\/wp-json\/wp\/v2\/media?parent=9115"}],"wp:term":[{"taxonomy":"product_brand","embeddable":true,"href":"https:\/\/ozince.com\/magaza\/wp-json\/wp\/v2\/product_brand?post=9115"},{"taxonomy":"product_cat","embeddable":true,"href":"https:\/\/ozince.com\/magaza\/wp-json\/wp\/v2\/product_cat?post=9115"},{"taxonomy":"product_tag","embeddable":true,"href":"https:\/\/ozince.com\/magaza\/wp-json\/wp\/v2\/product_tag?post=9115"}],"curies":[{"name":"wp","href":"https:\/\/api.w.org\/{rel}","templated":true}]}}