{"id":9113,"date":"2026-05-04T08:14:38","date_gmt":"2026-05-04T05:14:38","guid":{"rendered":"https:\/\/ozince.com\/magaza\/kategorilenmemis\/kre-96626339-teker-poryasi-chevrolet-captiva-c100-c140-opel-antara-on-rulmanli-5-bijon-absli-iljin\/"},"modified":"2026-05-04T08:14:38","modified_gmt":"2026-05-04T05:14:38","slug":"kre-96626339-teker-poryasi-chevrolet-captiva-c100-c140-opel-antara-on-rulmanli-5-bijon-absli-iljin","status":"publish","type":"product","link":"https:\/\/ozince.com\/magaza\/aks-urunleri\/kre-96626339-teker-poryasi-chevrolet-captiva-c100-c140-opel-antara-on-rulmanli-5-bijon-absli-iljin\/","title":{"rendered":"KRE-96626339 TEKER PORYASI CHEVROLET CAPTIVA C100-C140 \/ OPEL ANTARA \u00d6N RULMANLI 5 B\u0130JON ABSL\u0130 (ILJIN)"},"content":{"rendered":"","protected":false},"excerpt":{"rendered":"","protected":false},"featured_media":15312,"template":"","meta":[],"product_brand":[466],"product_cat":[379],"product_tag":[378],"class_list":{"0":"post-9113","1":"product","2":"type-product","3":"status-publish","4":"has-post-thumbnail","6":"arac_markasi_modeli-antara","7":"arac_markasi_modeli-captiva","8":"arac_markasi_modeli-chevrolet","9":"product_brand-korea","10":"product_cat-aks-urunleri","11":"product_tag-altay","13":"first","14":"instock","15":"taxable","16":"shipping-taxable","17":"purchasable","18":"product-type-simple"},"jetpack_sharing_enabled":true,"_links":{"self":[{"href":"https:\/\/ozince.com\/magaza\/wp-json\/wp\/v2\/product\/9113","targetHints":{"allow":["GET"]}}],"collection":[{"href":"https:\/\/ozince.com\/magaza\/wp-json\/wp\/v2\/product"}],"about":[{"href":"https:\/\/ozince.com\/magaza\/wp-json\/wp\/v2\/types\/product"}],"wp:featuredmedia":[{"embeddable":true,"href":"https:\/\/ozince.com\/magaza\/wp-json\/wp\/v2\/media\/15312"}],"wp:attachment":[{"href":"https:\/\/ozince.com\/magaza\/wp-json\/wp\/v2\/media?parent=9113"}],"wp:term":[{"taxonomy":"product_brand","embeddable":true,"href":"https:\/\/ozince.com\/magaza\/wp-json\/wp\/v2\/product_brand?post=9113"},{"taxonomy":"product_cat","embeddable":true,"href":"https:\/\/ozince.com\/magaza\/wp-json\/wp\/v2\/product_cat?post=9113"},{"taxonomy":"product_tag","embeddable":true,"href":"https:\/\/ozince.com\/magaza\/wp-json\/wp\/v2\/product_tag?post=9113"}],"curies":[{"name":"wp","href":"https:\/\/api.w.org\/{rel}","templated":true}]}}