{"id":9108,"date":"2026-04-16T08:14:19","date_gmt":"2026-04-16T05:14:19","guid":{"rendered":"https:\/\/ozince.com\/magaza\/kategorilenmemis\/vr-61-27270-20-silindir-kapak-conta-astra-f-91-98-vectra-a-88-95-1-6-8v-c16se-c16nz\/"},"modified":"2026-04-16T08:14:20","modified_gmt":"2026-04-16T05:14:20","slug":"vr-61-27270-20-silindir-kapak-conta-astra-f-91-98-vectra-a-88-95-1-6-8v-c16se-c16nz","status":"publish","type":"product","link":"https:\/\/ozince.com\/magaza\/motor-mekanik-urunleri\/vr-61-27270-20-silindir-kapak-conta-astra-f-91-98-vectra-a-88-95-1-6-8v-c16se-c16nz\/","title":{"rendered":"VR-61-27270-20 S\u0130L\u0130ND\u0130R KAPAK CONTA ASTRA F  91-98 \/ VECTRA A 88-95 \/ 1.6 8V (C16SE-C16NZ)"},"content":{"rendered":"","protected":false},"excerpt":{"rendered":"","protected":false},"featured_media":14566,"template":"","meta":[],"product_brand":[422],"product_cat":[298],"product_tag":[378],"class_list":{"0":"post-9108","1":"product","2":"type-product","3":"status-publish","4":"has-post-thumbnail","6":"arac_markasi_modeli-astra-f","7":"arac_markasi_modeli-opel","8":"arac_markasi_modeli-vectra-a","9":"product_brand-v-reinz","10":"product_cat-motor-mekanik-urunleri","11":"product_tag-altay","13":"first","14":"instock","15":"taxable","16":"shipping-taxable","17":"purchasable","18":"product-type-simple"},"jetpack_sharing_enabled":true,"_links":{"self":[{"href":"https:\/\/ozince.com\/magaza\/wp-json\/wp\/v2\/product\/9108","targetHints":{"allow":["GET"]}}],"collection":[{"href":"https:\/\/ozince.com\/magaza\/wp-json\/wp\/v2\/product"}],"about":[{"href":"https:\/\/ozince.com\/magaza\/wp-json\/wp\/v2\/types\/product"}],"wp:featuredmedia":[{"embeddable":true,"href":"https:\/\/ozince.com\/magaza\/wp-json\/wp\/v2\/media\/14566"}],"wp:attachment":[{"href":"https:\/\/ozince.com\/magaza\/wp-json\/wp\/v2\/media?parent=9108"}],"wp:term":[{"taxonomy":"product_brand","embeddable":true,"href":"https:\/\/ozince.com\/magaza\/wp-json\/wp\/v2\/product_brand?post=9108"},{"taxonomy":"product_cat","embeddable":true,"href":"https:\/\/ozince.com\/magaza\/wp-json\/wp\/v2\/product_cat?post=9108"},{"taxonomy":"product_tag","embeddable":true,"href":"https:\/\/ozince.com\/magaza\/wp-json\/wp\/v2\/product_tag?post=9108"}],"curies":[{"name":"wp","href":"https:\/\/api.w.org\/{rel}","templated":true}]}}