{"id":9070,"date":"2026-04-10T08:08:43","date_gmt":"2026-04-10T05:08:43","guid":{"rendered":"https:\/\/ozince.com\/magaza\/kategorilenmemis\/ina-534066110-vantilator-gergisi-astra-j-astra-k-insignia-a-insignia-b-mokka-b16dth-b16dte\/"},"modified":"2026-04-10T08:08:43","modified_gmt":"2026-04-10T05:08:43","slug":"ina-534066110-vantilator-gergisi-astra-j-astra-k-insignia-a-insignia-b-mokka-b16dth-b16dte","status":"publish","type":"product","link":"https:\/\/ozince.com\/magaza\/motor-mekanik-urunleri\/ina-534066110-vantilator-gergisi-astra-j-astra-k-insignia-a-insignia-b-mokka-b16dth-b16dte\/","title":{"rendered":"INA-534066110 VANT\u0130LAT\u00d6R GERG\u0130S\u0130 ASTRA J \/ ASTRA K \/ INSIGNIA A \/ INSIGNIA B \/ MOKKA B16DTH-B16DTE"},"content":{"rendered":"","protected":false},"excerpt":{"rendered":"","protected":false},"featured_media":13712,"template":"","meta":[],"product_brand":[303],"product_cat":[298],"product_tag":[378],"class_list":{"0":"post-9070","1":"product","2":"type-product","3":"status-publish","4":"has-post-thumbnail","6":"arac_markasi_modeli-astra-j","7":"arac_markasi_modeli-astra-k","8":"arac_markasi_modeli-insignia-a","9":"arac_markasi_modeli-insignia-b","10":"arac_markasi_modeli-mokka","11":"arac_markasi_modeli-opel","12":"product_brand-ina","13":"product_cat-motor-mekanik-urunleri","14":"product_tag-altay","16":"first","17":"outofstock","18":"taxable","19":"shipping-taxable","20":"purchasable","21":"product-type-simple"},"jetpack_sharing_enabled":true,"_links":{"self":[{"href":"https:\/\/ozince.com\/magaza\/wp-json\/wp\/v2\/product\/9070","targetHints":{"allow":["GET"]}}],"collection":[{"href":"https:\/\/ozince.com\/magaza\/wp-json\/wp\/v2\/product"}],"about":[{"href":"https:\/\/ozince.com\/magaza\/wp-json\/wp\/v2\/types\/product"}],"wp:featuredmedia":[{"embeddable":true,"href":"https:\/\/ozince.com\/magaza\/wp-json\/wp\/v2\/media\/13712"}],"wp:attachment":[{"href":"https:\/\/ozince.com\/magaza\/wp-json\/wp\/v2\/media?parent=9070"}],"wp:term":[{"taxonomy":"product_brand","embeddable":true,"href":"https:\/\/ozince.com\/magaza\/wp-json\/wp\/v2\/product_brand?post=9070"},{"taxonomy":"product_cat","embeddable":true,"href":"https:\/\/ozince.com\/magaza\/wp-json\/wp\/v2\/product_cat?post=9070"},{"taxonomy":"product_tag","embeddable":true,"href":"https:\/\/ozince.com\/magaza\/wp-json\/wp\/v2\/product_tag?post=9070"}],"curies":[{"name":"wp","href":"https:\/\/api.w.org\/{rel}","templated":true}]}}