{"id":9066,"date":"2026-03-05T08:13:02","date_gmt":"2026-03-05T05:13:02","guid":{"rendered":"https:\/\/ozince.com\/magaza\/kategorilenmemis\/ina-535015110-kasnak-sarj-dinamo-linea-doblo-fiorino-punto-astra-h-corsa-c-06-denso-tip-1-3-mjet\/"},"modified":"2026-03-05T08:13:03","modified_gmt":"2026-03-05T05:13:03","slug":"ina-535015110-kasnak-sarj-dinamo-linea-doblo-fiorino-punto-astra-h-corsa-c-06-denso-tip-1-3-mjet","status":"publish","type":"product","link":"https:\/\/ozince.com\/magaza\/motor-mekanik-urunleri\/ina-535015110-kasnak-sarj-dinamo-linea-doblo-fiorino-punto-astra-h-corsa-c-06-denso-tip-1-3-mjet\/","title":{"rendered":"INA-535015110 KASNAK \u015eARJ D\u0130NAMO L\u0130NEA \/ DOBLO \/ FIORINO \/ PUNTO \/ ASTRA H \/ CORSA C 06= DENSO T\u0130P 1.3 MJET"},"content":{"rendered":"","protected":false},"excerpt":{"rendered":"","protected":false},"featured_media":13718,"template":"","meta":[],"product_brand":[303],"product_cat":[298],"product_tag":[378],"class_list":{"0":"post-9066","1":"product","2":"type-product","3":"status-publish","4":"has-post-thumbnail","6":"arac_markasi_modeli-astra-h","7":"arac_markasi_modeli-corsa-c","8":"arac_markasi_modeli-opel","9":"product_brand-ina","10":"product_cat-motor-mekanik-urunleri","11":"product_tag-altay","13":"first","14":"outofstock","15":"taxable","16":"shipping-taxable","17":"purchasable","18":"product-type-simple"},"jetpack_sharing_enabled":true,"_links":{"self":[{"href":"https:\/\/ozince.com\/magaza\/wp-json\/wp\/v2\/product\/9066","targetHints":{"allow":["GET"]}}],"collection":[{"href":"https:\/\/ozince.com\/magaza\/wp-json\/wp\/v2\/product"}],"about":[{"href":"https:\/\/ozince.com\/magaza\/wp-json\/wp\/v2\/types\/product"}],"wp:featuredmedia":[{"embeddable":true,"href":"https:\/\/ozince.com\/magaza\/wp-json\/wp\/v2\/media\/13718"}],"wp:attachment":[{"href":"https:\/\/ozince.com\/magaza\/wp-json\/wp\/v2\/media?parent=9066"}],"wp:term":[{"taxonomy":"product_brand","embeddable":true,"href":"https:\/\/ozince.com\/magaza\/wp-json\/wp\/v2\/product_brand?post=9066"},{"taxonomy":"product_cat","embeddable":true,"href":"https:\/\/ozince.com\/magaza\/wp-json\/wp\/v2\/product_cat?post=9066"},{"taxonomy":"product_tag","embeddable":true,"href":"https:\/\/ozince.com\/magaza\/wp-json\/wp\/v2\/product_tag?post=9066"}],"curies":[{"name":"wp","href":"https:\/\/api.w.org\/{rel}","templated":true}]}}