{"id":9054,"date":"2026-04-13T08:12:18","date_gmt":"2026-04-13T05:12:18","guid":{"rendered":"https:\/\/ozince.com\/magaza\/kategorilenmemis\/uce-95322-hortum-yakit-depo-havalandirma-vectra-b-96-02-1-6-1-8-2-0-giris\/"},"modified":"2026-04-13T08:12:19","modified_gmt":"2026-04-13T05:12:19","slug":"uce-95322-hortum-yakit-depo-havalandirma-vectra-b-96-02-1-6-1-8-2-0-giris","status":"publish","type":"product","link":"https:\/\/ozince.com\/magaza\/motor-sogutma-ve-radyator-urunleri\/uce-95322-hortum-yakit-depo-havalandirma-vectra-b-96-02-1-6-1-8-2-0-giris\/","title":{"rendered":"UCE-95322 HORTUM YAKIT DEPO HAVALANDIRMA VECTRA B 96-02 1.6-1.8-2.0 G\u0130R\u0130\u015e"},"content":{"rendered":"","protected":false},"excerpt":{"rendered":"","protected":false},"featured_media":15823,"template":"","meta":[],"product_brand":[414],"product_cat":[324],"product_tag":[378],"class_list":{"0":"post-9054","1":"product","2":"type-product","3":"status-publish","4":"has-post-thumbnail","6":"arac_markasi_modeli-opel","7":"arac_markasi_modeli-vectra-b","8":"product_brand-ucel","9":"product_cat-motor-sogutma-ve-radyator-urunleri","10":"product_tag-altay","12":"first","13":"instock","14":"taxable","15":"shipping-taxable","16":"purchasable","17":"product-type-simple"},"jetpack_sharing_enabled":true,"_links":{"self":[{"href":"https:\/\/ozince.com\/magaza\/wp-json\/wp\/v2\/product\/9054","targetHints":{"allow":["GET"]}}],"collection":[{"href":"https:\/\/ozince.com\/magaza\/wp-json\/wp\/v2\/product"}],"about":[{"href":"https:\/\/ozince.com\/magaza\/wp-json\/wp\/v2\/types\/product"}],"wp:featuredmedia":[{"embeddable":true,"href":"https:\/\/ozince.com\/magaza\/wp-json\/wp\/v2\/media\/15823"}],"wp:attachment":[{"href":"https:\/\/ozince.com\/magaza\/wp-json\/wp\/v2\/media?parent=9054"}],"wp:term":[{"taxonomy":"product_brand","embeddable":true,"href":"https:\/\/ozince.com\/magaza\/wp-json\/wp\/v2\/product_brand?post=9054"},{"taxonomy":"product_cat","embeddable":true,"href":"https:\/\/ozince.com\/magaza\/wp-json\/wp\/v2\/product_cat?post=9054"},{"taxonomy":"product_tag","embeddable":true,"href":"https:\/\/ozince.com\/magaza\/wp-json\/wp\/v2\/product_tag?post=9054"}],"curies":[{"name":"wp","href":"https:\/\/api.w.org\/{rel}","templated":true}]}}