{"id":9049,"date":"2026-04-07T08:14:06","date_gmt":"2026-04-07T05:14:06","guid":{"rendered":"https:\/\/ozince.com\/magaza\/kategorilenmemis\/est-36030-eksantrik-mili-astra-f-corsa-a-corsa-b-c14se-c14nz-x14nz\/"},"modified":"2026-04-07T08:14:07","modified_gmt":"2026-04-07T05:14:07","slug":"est-36030-eksantrik-mili-astra-f-corsa-a-corsa-b-c14se-c14nz-x14nz","status":"publish","type":"product","link":"https:\/\/ozince.com\/magaza\/motor-mekanik-urunleri\/est-36030-eksantrik-mili-astra-f-corsa-a-corsa-b-c14se-c14nz-x14nz\/","title":{"rendered":"EST-36030 EKSANTR\u0130K M\u0130L\u0130 ASTRA F \/ CORSA A \/ CORSA B C14SE-C14NZ-X14NZ"},"content":{"rendered":"","protected":false},"excerpt":{"rendered":"","protected":false},"featured_media":15078,"template":"","meta":[],"product_brand":[447],"product_cat":[298],"product_tag":[378],"class_list":{"0":"post-9049","1":"product","2":"type-product","3":"status-publish","4":"has-post-thumbnail","6":"arac_markasi_modeli-astra-f","7":"arac_markasi_modeli-corsa-a","8":"arac_markasi_modeli-corsa-b","9":"arac_markasi_modeli-opel","10":"product_brand-estas","11":"product_cat-motor-mekanik-urunleri","12":"product_tag-altay","14":"first","15":"instock","16":"taxable","17":"shipping-taxable","18":"purchasable","19":"product-type-simple"},"jetpack_sharing_enabled":true,"_links":{"self":[{"href":"https:\/\/ozince.com\/magaza\/wp-json\/wp\/v2\/product\/9049","targetHints":{"allow":["GET"]}}],"collection":[{"href":"https:\/\/ozince.com\/magaza\/wp-json\/wp\/v2\/product"}],"about":[{"href":"https:\/\/ozince.com\/magaza\/wp-json\/wp\/v2\/types\/product"}],"wp:featuredmedia":[{"embeddable":true,"href":"https:\/\/ozince.com\/magaza\/wp-json\/wp\/v2\/media\/15078"}],"wp:attachment":[{"href":"https:\/\/ozince.com\/magaza\/wp-json\/wp\/v2\/media?parent=9049"}],"wp:term":[{"taxonomy":"product_brand","embeddable":true,"href":"https:\/\/ozince.com\/magaza\/wp-json\/wp\/v2\/product_brand?post=9049"},{"taxonomy":"product_cat","embeddable":true,"href":"https:\/\/ozince.com\/magaza\/wp-json\/wp\/v2\/product_cat?post=9049"},{"taxonomy":"product_tag","embeddable":true,"href":"https:\/\/ozince.com\/magaza\/wp-json\/wp\/v2\/product_tag?post=9049"}],"curies":[{"name":"wp","href":"https:\/\/api.w.org\/{rel}","templated":true}]}}