{"id":9030,"date":"2026-04-06T08:15:01","date_gmt":"2026-04-06T05:15:01","guid":{"rendered":"https:\/\/ozince.com\/magaza\/kategorilenmemis\/tyv-vm968ehpal-ayna-dis-dikiz-astra-h-04-10-elektrikli-isitmali-astarli-sol\/"},"modified":"2026-04-06T08:15:03","modified_gmt":"2026-04-06T05:15:03","slug":"tyv-vm968ehpal-ayna-dis-dikiz-astra-h-04-10-elektrikli-isitmali-astarli-sol","status":"publish","type":"product","link":"https:\/\/ozince.com\/magaza\/aksesuar-urunleri\/tyv-vm968ehpal-ayna-dis-dikiz-astra-h-04-10-elektrikli-isitmali-astarli-sol\/","title":{"rendered":"TYV-VM968EHPAL AYNA DI\u015e D\u0130K\u0130Z ASTRA H 04-10 ELEKTR\u0130KL\u0130 ISITMALI ASTARLI SOL"},"content":{"rendered":"","protected":false},"excerpt":{"rendered":"","protected":false},"featured_media":0,"template":"","meta":[],"product_brand":[431],"product_cat":[401],"product_tag":[378],"class_list":{"0":"post-9030","1":"product","2":"type-product","3":"status-publish","5":"arac_markasi_modeli-astra-h","6":"arac_markasi_modeli-opel","7":"product_brand-viewmax","8":"product_cat-aksesuar-urunleri","9":"product_tag-altay","11":"first","12":"outofstock","13":"taxable","14":"shipping-taxable","15":"purchasable","16":"product-type-simple"},"jetpack_sharing_enabled":true,"_links":{"self":[{"href":"https:\/\/ozince.com\/magaza\/wp-json\/wp\/v2\/product\/9030","targetHints":{"allow":["GET"]}}],"collection":[{"href":"https:\/\/ozince.com\/magaza\/wp-json\/wp\/v2\/product"}],"about":[{"href":"https:\/\/ozince.com\/magaza\/wp-json\/wp\/v2\/types\/product"}],"wp:attachment":[{"href":"https:\/\/ozince.com\/magaza\/wp-json\/wp\/v2\/media?parent=9030"}],"wp:term":[{"taxonomy":"product_brand","embeddable":true,"href":"https:\/\/ozince.com\/magaza\/wp-json\/wp\/v2\/product_brand?post=9030"},{"taxonomy":"product_cat","embeddable":true,"href":"https:\/\/ozince.com\/magaza\/wp-json\/wp\/v2\/product_cat?post=9030"},{"taxonomy":"product_tag","embeddable":true,"href":"https:\/\/ozince.com\/magaza\/wp-json\/wp\/v2\/product_tag?post=9030"}],"curies":[{"name":"wp","href":"https:\/\/api.w.org\/{rel}","templated":true}]}}