{"id":9024,"date":"2026-04-07T08:13:00","date_gmt":"2026-04-07T05:13:00","guid":{"rendered":"https:\/\/ozince.com\/magaza\/kategorilenmemis\/gates-k015419xs-triger-seti-lacetti-aveo-kalos-t200-t255-f14d-f16d\/"},"modified":"2026-04-07T08:13:02","modified_gmt":"2026-04-07T05:13:02","slug":"gates-k015419xs-triger-seti-lacetti-aveo-kalos-t200-t255-f14d-f16d","status":"publish","type":"product","link":"https:\/\/ozince.com\/magaza\/motor-mekanik-urunleri\/gates-k015419xs-triger-seti-lacetti-aveo-kalos-t200-t255-f14d-f16d\/","title":{"rendered":"GATES-K015419XS TR\u0130GER SET\u0130 LACETT\u0130 \/ AVEO \/ KALOS T200-T255-F14D-F16D"},"content":{"rendered":"","protected":false},"excerpt":{"rendered":"","protected":false},"featured_media":13648,"template":"","meta":[],"product_brand":[299],"product_cat":[298],"product_tag":[378],"class_list":{"0":"post-9024","1":"product","2":"type-product","3":"status-publish","4":"has-post-thumbnail","6":"arac_markasi_modeli-aveo","7":"arac_markasi_modeli-chevrolet","8":"arac_markasi_modeli-kalos","9":"arac_markasi_modeli-lacetti","10":"product_brand-gates","11":"product_cat-motor-mekanik-urunleri","12":"product_tag-altay","14":"first","15":"instock","16":"taxable","17":"shipping-taxable","18":"purchasable","19":"product-type-simple"},"jetpack_sharing_enabled":true,"_links":{"self":[{"href":"https:\/\/ozince.com\/magaza\/wp-json\/wp\/v2\/product\/9024","targetHints":{"allow":["GET"]}}],"collection":[{"href":"https:\/\/ozince.com\/magaza\/wp-json\/wp\/v2\/product"}],"about":[{"href":"https:\/\/ozince.com\/magaza\/wp-json\/wp\/v2\/types\/product"}],"wp:featuredmedia":[{"embeddable":true,"href":"https:\/\/ozince.com\/magaza\/wp-json\/wp\/v2\/media\/13648"}],"wp:attachment":[{"href":"https:\/\/ozince.com\/magaza\/wp-json\/wp\/v2\/media?parent=9024"}],"wp:term":[{"taxonomy":"product_brand","embeddable":true,"href":"https:\/\/ozince.com\/magaza\/wp-json\/wp\/v2\/product_brand?post=9024"},{"taxonomy":"product_cat","embeddable":true,"href":"https:\/\/ozince.com\/magaza\/wp-json\/wp\/v2\/product_cat?post=9024"},{"taxonomy":"product_tag","embeddable":true,"href":"https:\/\/ozince.com\/magaza\/wp-json\/wp\/v2\/product_tag?post=9024"}],"curies":[{"name":"wp","href":"https:\/\/api.w.org\/{rel}","templated":true}]}}