{"id":9018,"date":"2026-04-28T08:07:51","date_gmt":"2026-04-28T05:07:51","guid":{"rendered":"https:\/\/ozince.com\/magaza\/kategorilenmemis\/ayd-18412-salincak-insignia-b-17-rotilli-dokum-alt-sol\/"},"modified":"2026-04-28T08:07:51","modified_gmt":"2026-04-28T05:07:51","slug":"ayd-18412-salincak-insignia-b-17-rotilli-dokum-alt-sol","status":"publish","type":"product","link":"https:\/\/ozince.com\/magaza\/alt-takim-urunleri\/ayd-18412-salincak-insignia-b-17-rotilli-dokum-alt-sol\/","title":{"rendered":"AYD-18412 SALINCAK INSIGNIA B 17= ROT\u0130LL\u0130 D\u00d6K\u00dcM ALT SOL"},"content":{"rendered":"","protected":false},"excerpt":{"rendered":"","protected":false},"featured_media":0,"template":"","meta":[],"product_brand":[235],"product_cat":[382],"product_tag":[378],"class_list":{"0":"post-9018","1":"product","2":"type-product","3":"status-publish","5":"arac_markasi_modeli-insignia-b","6":"arac_markasi_modeli-opel","7":"product_brand-ayd","8":"product_cat-alt-takim-urunleri","9":"product_tag-altay","11":"first","12":"outofstock","13":"taxable","14":"shipping-taxable","15":"purchasable","16":"product-type-simple"},"jetpack_sharing_enabled":true,"_links":{"self":[{"href":"https:\/\/ozince.com\/magaza\/wp-json\/wp\/v2\/product\/9018","targetHints":{"allow":["GET"]}}],"collection":[{"href":"https:\/\/ozince.com\/magaza\/wp-json\/wp\/v2\/product"}],"about":[{"href":"https:\/\/ozince.com\/magaza\/wp-json\/wp\/v2\/types\/product"}],"wp:attachment":[{"href":"https:\/\/ozince.com\/magaza\/wp-json\/wp\/v2\/media?parent=9018"}],"wp:term":[{"taxonomy":"product_brand","embeddable":true,"href":"https:\/\/ozince.com\/magaza\/wp-json\/wp\/v2\/product_brand?post=9018"},{"taxonomy":"product_cat","embeddable":true,"href":"https:\/\/ozince.com\/magaza\/wp-json\/wp\/v2\/product_cat?post=9018"},{"taxonomy":"product_tag","embeddable":true,"href":"https:\/\/ozince.com\/magaza\/wp-json\/wp\/v2\/product_tag?post=9018"}],"curies":[{"name":"wp","href":"https:\/\/api.w.org\/{rel}","templated":true}]}}