{"id":9013,"date":"2026-03-05T08:13:10","date_gmt":"2026-03-05T05:13:10","guid":{"rendered":"https:\/\/ozince.com\/magaza\/kategorilenmemis\/del-ts10340-musur-hararet-doblo-linea-punto-1-6-astra-g-astra-h-vectra-b-vectra-c-06-1-6-z16xer\/"},"modified":"2026-03-05T08:13:11","modified_gmt":"2026-03-05T05:13:11","slug":"fae-33680-musur-hararet-doblo-linea-punto-1-6-astra-g-astra-h-vectra-b-vectra-c-06-1-6-z16xer","status":"publish","type":"product","link":"https:\/\/ozince.com\/magaza\/sensor-ve-elektrik-urunleri\/fae-33680-musur-hararet-doblo-linea-punto-1-6-astra-g-astra-h-vectra-b-vectra-c-06-1-6-z16xer\/","title":{"rendered":"FAE-33680 M\u00dc\u015e\u00dcR HARARET DOBLO \/ LINEA \/ PUNTO 1.6 \/ ASTRA G \/ ASTRA H \/ VECTRA B \/ VECTRA C 06= 1.6 Z16XER"},"content":{"rendered":"","protected":false},"excerpt":{"rendered":"","protected":false},"featured_media":13941,"template":"","meta":[],"product_brand":[428],"product_cat":[374],"product_tag":[378],"class_list":{"0":"post-9013","1":"product","2":"type-product","3":"status-publish","4":"has-post-thumbnail","6":"arac_markasi_modeli-astra-g","7":"arac_markasi_modeli-astra-h","8":"arac_markasi_modeli-opel","9":"arac_markasi_modeli-vectra-b","10":"arac_markasi_modeli-vectra-c","11":"product_brand-fae","12":"product_cat-sensor-ve-elektrik-urunleri","13":"product_tag-altay","15":"first","16":"instock","17":"taxable","18":"shipping-taxable","19":"purchasable","20":"product-type-simple"},"jetpack_sharing_enabled":true,"_links":{"self":[{"href":"https:\/\/ozince.com\/magaza\/wp-json\/wp\/v2\/product\/9013","targetHints":{"allow":["GET"]}}],"collection":[{"href":"https:\/\/ozince.com\/magaza\/wp-json\/wp\/v2\/product"}],"about":[{"href":"https:\/\/ozince.com\/magaza\/wp-json\/wp\/v2\/types\/product"}],"wp:featuredmedia":[{"embeddable":true,"href":"https:\/\/ozince.com\/magaza\/wp-json\/wp\/v2\/media\/13941"}],"wp:attachment":[{"href":"https:\/\/ozince.com\/magaza\/wp-json\/wp\/v2\/media?parent=9013"}],"wp:term":[{"taxonomy":"product_brand","embeddable":true,"href":"https:\/\/ozince.com\/magaza\/wp-json\/wp\/v2\/product_brand?post=9013"},{"taxonomy":"product_cat","embeddable":true,"href":"https:\/\/ozince.com\/magaza\/wp-json\/wp\/v2\/product_cat?post=9013"},{"taxonomy":"product_tag","embeddable":true,"href":"https:\/\/ozince.com\/magaza\/wp-json\/wp\/v2\/product_tag?post=9013"}],"curies":[{"name":"wp","href":"https:\/\/api.w.org\/{rel}","templated":true}]}}