{"id":9008,"date":"2026-04-05T08:10:38","date_gmt":"2026-04-05T05:10:38","guid":{"rendered":"https:\/\/ozince.com\/magaza\/kategorilenmemis\/tpr-208889001-sensor-yag-seviye-corsa-c-corsa-d-astra-h-vectra-c-meriva-a-zafira-b-04-z13dt-z13dth-z13dtj-z13dth\/"},"modified":"2026-04-05T08:10:39","modified_gmt":"2026-04-05T05:10:39","slug":"tpr-208889001-sensor-yag-seviye-corsa-c-corsa-d-astra-h-vectra-c-meriva-a-zafira-b-04-z13dt-z13dth-z13dtj-z13dth","status":"publish","type":"product","link":"https:\/\/ozince.com\/magaza\/sensor-ve-elektrik-urunleri\/tpr-208889001-sensor-yag-seviye-corsa-c-corsa-d-astra-h-vectra-c-meriva-a-zafira-b-04-z13dt-z13dth-z13dtj-z13dth\/","title":{"rendered":"TPR-208889001 SENS\u00d6R YA\u011e SEV\u0130YE CORSA C \/ CORSA D \/ ASTRA H \/ VECTRA C \/ MER\u0130VA A \/ ZAF\u0130RA B 04= Z13DT-Z13DTH-Z13DTJ-Z13DTH"},"content":{"rendered":"","protected":false},"excerpt":{"rendered":"","protected":false},"featured_media":0,"template":"","meta":[],"product_brand":[336],"product_cat":[374],"product_tag":[378],"class_list":{"0":"post-9008","1":"product","2":"type-product","3":"status-publish","5":"arac_markasi_modeli-astra-h","6":"arac_markasi_modeli-corsa-c","7":"arac_markasi_modeli-corsa-d","8":"arac_markasi_modeli-meriva","9":"arac_markasi_modeli-meriva-a","10":"arac_markasi_modeli-opel","11":"arac_markasi_modeli-vectra-c","12":"arac_markasi_modeli-zafira-b","13":"product_brand-topran","14":"product_cat-sensor-ve-elektrik-urunleri","15":"product_tag-altay","17":"first","18":"outofstock","19":"taxable","20":"shipping-taxable","21":"purchasable","22":"product-type-simple"},"jetpack_sharing_enabled":true,"_links":{"self":[{"href":"https:\/\/ozince.com\/magaza\/wp-json\/wp\/v2\/product\/9008","targetHints":{"allow":["GET"]}}],"collection":[{"href":"https:\/\/ozince.com\/magaza\/wp-json\/wp\/v2\/product"}],"about":[{"href":"https:\/\/ozince.com\/magaza\/wp-json\/wp\/v2\/types\/product"}],"wp:attachment":[{"href":"https:\/\/ozince.com\/magaza\/wp-json\/wp\/v2\/media?parent=9008"}],"wp:term":[{"taxonomy":"product_brand","embeddable":true,"href":"https:\/\/ozince.com\/magaza\/wp-json\/wp\/v2\/product_brand?post=9008"},{"taxonomy":"product_cat","embeddable":true,"href":"https:\/\/ozince.com\/magaza\/wp-json\/wp\/v2\/product_cat?post=9008"},{"taxonomy":"product_tag","embeddable":true,"href":"https:\/\/ozince.com\/magaza\/wp-json\/wp\/v2\/product_tag?post=9008"}],"curies":[{"name":"wp","href":"https:\/\/api.w.org\/{rel}","templated":true}]}}