{"id":8977,"date":"2026-04-05T08:10:34","date_gmt":"2026-04-05T05:10:34","guid":{"rendered":"https:\/\/ozince.com\/magaza\/kategorilenmemis\/tpr-205762001-far-yikama-memesi-astra-g-96-04-sag-on\/"},"modified":"2026-04-05T08:10:35","modified_gmt":"2026-04-05T05:10:35","slug":"tpr-205762001-far-yikama-memesi-astra-g-96-04-sag-on","status":"publish","type":"product","link":"https:\/\/ozince.com\/magaza\/karoseri-ve-kaporta-urunleri\/tpr-205762001-far-yikama-memesi-astra-g-96-04-sag-on\/","title":{"rendered":"TPR-205762001 FAR YIKAMA MEMES\u0130 ASTRA G 96-04 SA\u011e \u00d6N"},"content":{"rendered":"","protected":false},"excerpt":{"rendered":"","protected":false},"featured_media":15615,"template":"","meta":[],"product_brand":[336],"product_cat":[351],"product_tag":[378],"class_list":{"0":"post-8977","1":"product","2":"type-product","3":"status-publish","4":"has-post-thumbnail","6":"arac_markasi_modeli-astra-g","7":"arac_markasi_modeli-opel","8":"product_brand-topran","9":"product_cat-karoseri-ve-kaporta-urunleri","10":"product_tag-altay","12":"first","13":"outofstock","14":"taxable","15":"shipping-taxable","16":"purchasable","17":"product-type-simple"},"jetpack_sharing_enabled":true,"_links":{"self":[{"href":"https:\/\/ozince.com\/magaza\/wp-json\/wp\/v2\/product\/8977","targetHints":{"allow":["GET"]}}],"collection":[{"href":"https:\/\/ozince.com\/magaza\/wp-json\/wp\/v2\/product"}],"about":[{"href":"https:\/\/ozince.com\/magaza\/wp-json\/wp\/v2\/types\/product"}],"wp:featuredmedia":[{"embeddable":true,"href":"https:\/\/ozince.com\/magaza\/wp-json\/wp\/v2\/media\/15615"}],"wp:attachment":[{"href":"https:\/\/ozince.com\/magaza\/wp-json\/wp\/v2\/media?parent=8977"}],"wp:term":[{"taxonomy":"product_brand","embeddable":true,"href":"https:\/\/ozince.com\/magaza\/wp-json\/wp\/v2\/product_brand?post=8977"},{"taxonomy":"product_cat","embeddable":true,"href":"https:\/\/ozince.com\/magaza\/wp-json\/wp\/v2\/product_cat?post=8977"},{"taxonomy":"product_tag","embeddable":true,"href":"https:\/\/ozince.com\/magaza\/wp-json\/wp\/v2\/product_tag?post=8977"}],"curies":[{"name":"wp","href":"https:\/\/api.w.org\/{rel}","templated":true}]}}