{"id":8976,"date":"2026-04-05T08:14:30","date_gmt":"2026-04-05T05:14:30","guid":{"rendered":"https:\/\/ozince.com\/magaza\/kategorilenmemis\/swg-40917697-hararet-musuru-mavi-astra-f-vectra-b-omega-b-aveo-kalos-movano-1-8-2-0\/"},"modified":"2026-04-05T08:14:30","modified_gmt":"2026-04-05T05:14:30","slug":"tpr-205095001-hararet-musuru-mavi-astra-f-vectra-b-omega-b-aveo-kalos-movano-1-8-2-0","status":"publish","type":"product","link":"https:\/\/ozince.com\/magaza\/sensor-ve-elektrik-urunleri\/tpr-205095001-hararet-musuru-mavi-astra-f-vectra-b-omega-b-aveo-kalos-movano-1-8-2-0\/","title":{"rendered":"TPR-205095001 HARARET M\u00dc\u015e\u00dcR\u00dc (MAV\u0130) ASTRA F \/ VECTRA B \/ OMEGA B \/ AVEO \/ KALOS \/ MOVANO 1.8-2.0"},"content":{"rendered":"","protected":false},"excerpt":{"rendered":"","protected":false},"featured_media":0,"template":"","meta":[],"product_brand":[336],"product_cat":[374],"product_tag":[378],"class_list":{"0":"post-8976","1":"product","2":"type-product","3":"status-publish","5":"arac_markasi_modeli-astra-f","6":"arac_markasi_modeli-omega-b","7":"arac_markasi_modeli-opel","8":"arac_markasi_modeli-vectra-b","9":"product_brand-topran","10":"product_cat-sensor-ve-elektrik-urunleri","11":"product_tag-altay","13":"first","14":"outofstock","15":"taxable","16":"shipping-taxable","17":"purchasable","18":"product-type-simple"},"jetpack_sharing_enabled":true,"_links":{"self":[{"href":"https:\/\/ozince.com\/magaza\/wp-json\/wp\/v2\/product\/8976","targetHints":{"allow":["GET"]}}],"collection":[{"href":"https:\/\/ozince.com\/magaza\/wp-json\/wp\/v2\/product"}],"about":[{"href":"https:\/\/ozince.com\/magaza\/wp-json\/wp\/v2\/types\/product"}],"wp:attachment":[{"href":"https:\/\/ozince.com\/magaza\/wp-json\/wp\/v2\/media?parent=8976"}],"wp:term":[{"taxonomy":"product_brand","embeddable":true,"href":"https:\/\/ozince.com\/magaza\/wp-json\/wp\/v2\/product_brand?post=8976"},{"taxonomy":"product_cat","embeddable":true,"href":"https:\/\/ozince.com\/magaza\/wp-json\/wp\/v2\/product_cat?post=8976"},{"taxonomy":"product_tag","embeddable":true,"href":"https:\/\/ozince.com\/magaza\/wp-json\/wp\/v2\/product_tag?post=8976"}],"curies":[{"name":"wp","href":"https:\/\/api.w.org\/{rel}","templated":true}]}}