{"id":8972,"date":"2026-04-28T08:07:44","date_gmt":"2026-04-28T05:07:44","guid":{"rendered":"https:\/\/ozince.com\/magaza\/kategorilenmemis\/mhr-49560-izgara-tampon-corsa-f-park-sensoru-haric-20-23-on\/"},"modified":"2026-04-28T08:07:45","modified_gmt":"2026-04-28T05:07:45","slug":"mhr-49560-izgara-tampon-corsa-f-park-sensoru-haric-20-23-on","status":"publish","type":"product","link":"https:\/\/ozince.com\/magaza\/karoseri-ve-kaporta-urunleri\/mhr-49560-izgara-tampon-corsa-f-park-sensoru-haric-20-23-on\/","title":{"rendered":"MHR-49560 IZGARA TAMPON CORSA F PARK SENS\u00d6R\u00dc HAR\u0130\u00c7 20-23 \u00d6N"},"content":{"rendered":"","protected":false},"excerpt":{"rendered":"","protected":false},"featured_media":0,"template":"","meta":[],"product_brand":[288],"product_cat":[351],"product_tag":[378],"class_list":{"0":"post-8972","1":"product","2":"type-product","3":"status-publish","5":"arac_markasi_modeli-corsa-f","6":"arac_markasi_modeli-opel","7":"product_brand-maher","8":"product_cat-karoseri-ve-kaporta-urunleri","9":"product_tag-altay","11":"first","12":"instock","13":"taxable","14":"shipping-taxable","15":"purchasable","16":"product-type-simple"},"jetpack_sharing_enabled":true,"_links":{"self":[{"href":"https:\/\/ozince.com\/magaza\/wp-json\/wp\/v2\/product\/8972","targetHints":{"allow":["GET"]}}],"collection":[{"href":"https:\/\/ozince.com\/magaza\/wp-json\/wp\/v2\/product"}],"about":[{"href":"https:\/\/ozince.com\/magaza\/wp-json\/wp\/v2\/types\/product"}],"wp:attachment":[{"href":"https:\/\/ozince.com\/magaza\/wp-json\/wp\/v2\/media?parent=8972"}],"wp:term":[{"taxonomy":"product_brand","embeddable":true,"href":"https:\/\/ozince.com\/magaza\/wp-json\/wp\/v2\/product_brand?post=8972"},{"taxonomy":"product_cat","embeddable":true,"href":"https:\/\/ozince.com\/magaza\/wp-json\/wp\/v2\/product_cat?post=8972"},{"taxonomy":"product_tag","embeddable":true,"href":"https:\/\/ozince.com\/magaza\/wp-json\/wp\/v2\/product_tag?post=8972"}],"curies":[{"name":"wp","href":"https:\/\/api.w.org\/{rel}","templated":true}]}}