{"id":8959,"date":"2026-04-06T08:14:48","date_gmt":"2026-04-06T05:14:48","guid":{"rendered":"https:\/\/ozince.com\/magaza\/kategorilenmemis\/tyv-vm164r-ayna-dis-dikiz-astra-f-95-manuel-sag\/"},"modified":"2026-04-06T08:14:49","modified_gmt":"2026-04-06T05:14:49","slug":"tyv-vm164r-ayna-dis-dikiz-astra-f-95-manuel-sag","status":"publish","type":"product","link":"https:\/\/ozince.com\/magaza\/aksesuar-urunleri\/tyv-vm164r-ayna-dis-dikiz-astra-f-95-manuel-sag\/","title":{"rendered":"TYV-VM164R AYNA DI\u015e D\u0130K\u0130Z ASTRA F 95= MANUEL SA\u011e"},"content":{"rendered":"","protected":false},"excerpt":{"rendered":"","protected":false},"featured_media":15678,"template":"","meta":[],"product_brand":[431],"product_cat":[401],"product_tag":[378],"class_list":{"0":"post-8959","1":"product","2":"type-product","3":"status-publish","4":"has-post-thumbnail","6":"arac_markasi_modeli-astra-f","7":"arac_markasi_modeli-opel","8":"product_brand-viewmax","9":"product_cat-aksesuar-urunleri","10":"product_tag-altay","12":"first","13":"instock","14":"taxable","15":"shipping-taxable","16":"purchasable","17":"product-type-simple"},"jetpack_sharing_enabled":true,"_links":{"self":[{"href":"https:\/\/ozince.com\/magaza\/wp-json\/wp\/v2\/product\/8959","targetHints":{"allow":["GET"]}}],"collection":[{"href":"https:\/\/ozince.com\/magaza\/wp-json\/wp\/v2\/product"}],"about":[{"href":"https:\/\/ozince.com\/magaza\/wp-json\/wp\/v2\/types\/product"}],"wp:featuredmedia":[{"embeddable":true,"href":"https:\/\/ozince.com\/magaza\/wp-json\/wp\/v2\/media\/15678"}],"wp:attachment":[{"href":"https:\/\/ozince.com\/magaza\/wp-json\/wp\/v2\/media?parent=8959"}],"wp:term":[{"taxonomy":"product_brand","embeddable":true,"href":"https:\/\/ozince.com\/magaza\/wp-json\/wp\/v2\/product_brand?post=8959"},{"taxonomy":"product_cat","embeddable":true,"href":"https:\/\/ozince.com\/magaza\/wp-json\/wp\/v2\/product_cat?post=8959"},{"taxonomy":"product_tag","embeddable":true,"href":"https:\/\/ozince.com\/magaza\/wp-json\/wp\/v2\/product_tag?post=8959"}],"curies":[{"name":"wp","href":"https:\/\/api.w.org\/{rel}","templated":true}]}}