{"id":8942,"date":"2026-05-01T08:06:33","date_gmt":"2026-05-01T05:06:33","guid":{"rendered":"https:\/\/ozince.com\/magaza\/kategorilenmemis\/mhr-49542-braket-far-alti-insignia-a-13-17-sag\/"},"modified":"2026-05-01T08:06:34","modified_gmt":"2026-05-01T05:06:34","slug":"mhr-49542-braket-far-alti-insignia-a-13-17-sag","status":"publish","type":"product","link":"https:\/\/ozince.com\/magaza\/karoseri-ve-kaporta-urunleri\/mhr-49542-braket-far-alti-insignia-a-13-17-sag\/","title":{"rendered":"MHR-49542 BRAKET FAR ALTI INS\u0130GN\u0130A A 13-17 SA\u011e"},"content":{"rendered":"","protected":false},"excerpt":{"rendered":"","protected":false},"featured_media":0,"template":"","meta":[],"product_brand":[288],"product_cat":[351],"product_tag":[378],"class_list":{"0":"post-8942","1":"product","2":"type-product","3":"status-publish","5":"arac_markasi_modeli-insignia-a","6":"arac_markasi_modeli-opel","7":"product_brand-maher","8":"product_cat-karoseri-ve-kaporta-urunleri","9":"product_tag-altay","11":"first","12":"outofstock","13":"taxable","14":"shipping-taxable","15":"purchasable","16":"product-type-simple"},"jetpack_sharing_enabled":true,"_links":{"self":[{"href":"https:\/\/ozince.com\/magaza\/wp-json\/wp\/v2\/product\/8942","targetHints":{"allow":["GET"]}}],"collection":[{"href":"https:\/\/ozince.com\/magaza\/wp-json\/wp\/v2\/product"}],"about":[{"href":"https:\/\/ozince.com\/magaza\/wp-json\/wp\/v2\/types\/product"}],"wp:attachment":[{"href":"https:\/\/ozince.com\/magaza\/wp-json\/wp\/v2\/media?parent=8942"}],"wp:term":[{"taxonomy":"product_brand","embeddable":true,"href":"https:\/\/ozince.com\/magaza\/wp-json\/wp\/v2\/product_brand?post=8942"},{"taxonomy":"product_cat","embeddable":true,"href":"https:\/\/ozince.com\/magaza\/wp-json\/wp\/v2\/product_cat?post=8942"},{"taxonomy":"product_tag","embeddable":true,"href":"https:\/\/ozince.com\/magaza\/wp-json\/wp\/v2\/product_tag?post=8942"}],"curies":[{"name":"wp","href":"https:\/\/api.w.org\/{rel}","templated":true}]}}