{"id":8939,"date":"2026-04-07T08:12:44","date_gmt":"2026-04-07T05:12:44","guid":{"rendered":"https:\/\/ozince.com\/magaza\/kategorilenmemis\/vr-61-52775-00-silindir-kapak-conta-corsa-b-combo-b-astra-f-vectra-a-vectra-b-x17td1-4mm\/"},"modified":"2026-04-07T08:12:46","modified_gmt":"2026-04-07T05:12:46","slug":"vr-61-52775-00-silindir-kapak-conta-corsa-b-combo-b-astra-f-vectra-a-vectra-b-x17td1-4mm","status":"publish","type":"product","link":"https:\/\/ozince.com\/magaza\/motor-mekanik-urunleri\/vr-61-52775-00-silindir-kapak-conta-corsa-b-combo-b-astra-f-vectra-a-vectra-b-x17td1-4mm\/","title":{"rendered":"VR-61-52775-00 S\u0130L\u0130ND\u0130R KAPAK CONTA CORSA B \/ COMBO B \/ ASTRA F \/ VECTRA A \/ VECTRA B X17TD(1.4mm)"},"content":{"rendered":"","protected":false},"excerpt":{"rendered":"","protected":false},"featured_media":14584,"template":"","meta":[],"product_brand":[422],"product_cat":[298],"product_tag":[378],"class_list":{"0":"post-8939","1":"product","2":"type-product","3":"status-publish","4":"has-post-thumbnail","6":"arac_markasi_modeli-astra-f","7":"arac_markasi_modeli-corsa-b","8":"arac_markasi_modeli-opel","9":"arac_markasi_modeli-vectra-a","10":"arac_markasi_modeli-vectra-b","11":"product_brand-v-reinz","12":"product_cat-motor-mekanik-urunleri","13":"product_tag-altay","15":"first","16":"outofstock","17":"taxable","18":"shipping-taxable","19":"purchasable","20":"product-type-simple"},"jetpack_sharing_enabled":true,"_links":{"self":[{"href":"https:\/\/ozince.com\/magaza\/wp-json\/wp\/v2\/product\/8939","targetHints":{"allow":["GET"]}}],"collection":[{"href":"https:\/\/ozince.com\/magaza\/wp-json\/wp\/v2\/product"}],"about":[{"href":"https:\/\/ozince.com\/magaza\/wp-json\/wp\/v2\/types\/product"}],"wp:featuredmedia":[{"embeddable":true,"href":"https:\/\/ozince.com\/magaza\/wp-json\/wp\/v2\/media\/14584"}],"wp:attachment":[{"href":"https:\/\/ozince.com\/magaza\/wp-json\/wp\/v2\/media?parent=8939"}],"wp:term":[{"taxonomy":"product_brand","embeddable":true,"href":"https:\/\/ozince.com\/magaza\/wp-json\/wp\/v2\/product_brand?post=8939"},{"taxonomy":"product_cat","embeddable":true,"href":"https:\/\/ozince.com\/magaza\/wp-json\/wp\/v2\/product_cat?post=8939"},{"taxonomy":"product_tag","embeddable":true,"href":"https:\/\/ozince.com\/magaza\/wp-json\/wp\/v2\/product_tag?post=8939"}],"curies":[{"name":"wp","href":"https:\/\/api.w.org\/{rel}","templated":true}]}}