{"id":8938,"date":"2026-04-07T08:22:13","date_gmt":"2026-04-07T05:22:13","guid":{"rendered":"https:\/\/ozince.com\/magaza\/kategorilenmemis\/mhr-51252-kulbutor-kapagi-astra-g-h-meriva-a-vectra-c-zafira-a-z16xep-z16xe\/"},"modified":"2026-04-07T08:22:13","modified_gmt":"2026-04-07T05:22:13","slug":"swg-40946495-kulbutor-kapagi-astra-g-h-meriva-a-vectra-c-zafira-a-z16xep-z16xe","status":"publish","type":"product","link":"https:\/\/ozince.com\/magaza\/motor-mekanik-urunleri\/swg-40946495-kulbutor-kapagi-astra-g-h-meriva-a-vectra-c-zafira-a-z16xep-z16xe\/","title":{"rendered":"SWG-40946495 K\u00dcLB\u00dcT\u00d6R KAPA\u011eI ASTRA G \/ H \/ MERIVA A \/ VECTRA C \/ ZAFIRA A Z16XEP-Z16XE"},"content":{"rendered":"","protected":false},"excerpt":{"rendered":"","protected":false},"featured_media":0,"template":"","meta":[],"product_brand":[309],"product_cat":[298],"product_tag":[378],"class_list":{"0":"post-8938","1":"product","2":"type-product","3":"status-publish","5":"arac_markasi_modeli-astra-g","6":"arac_markasi_modeli-meriva","7":"arac_markasi_modeli-meriva-a","8":"arac_markasi_modeli-opel","9":"arac_markasi_modeli-vectra-c","10":"arac_markasi_modeli-zafira-a","11":"product_brand-swag","12":"product_cat-motor-mekanik-urunleri","13":"product_tag-altay","15":"first","16":"outofstock","17":"taxable","18":"shipping-taxable","19":"purchasable","20":"product-type-simple"},"jetpack_sharing_enabled":true,"_links":{"self":[{"href":"https:\/\/ozince.com\/magaza\/wp-json\/wp\/v2\/product\/8938","targetHints":{"allow":["GET"]}}],"collection":[{"href":"https:\/\/ozince.com\/magaza\/wp-json\/wp\/v2\/product"}],"about":[{"href":"https:\/\/ozince.com\/magaza\/wp-json\/wp\/v2\/types\/product"}],"wp:attachment":[{"href":"https:\/\/ozince.com\/magaza\/wp-json\/wp\/v2\/media?parent=8938"}],"wp:term":[{"taxonomy":"product_brand","embeddable":true,"href":"https:\/\/ozince.com\/magaza\/wp-json\/wp\/v2\/product_brand?post=8938"},{"taxonomy":"product_cat","embeddable":true,"href":"https:\/\/ozince.com\/magaza\/wp-json\/wp\/v2\/product_cat?post=8938"},{"taxonomy":"product_tag","embeddable":true,"href":"https:\/\/ozince.com\/magaza\/wp-json\/wp\/v2\/product_tag?post=8938"}],"curies":[{"name":"wp","href":"https:\/\/api.w.org\/{rel}","templated":true}]}}