{"id":8923,"date":"2026-04-17T08:11:14","date_gmt":"2026-04-17T05:11:14","guid":{"rendered":"https:\/\/ozince.com\/magaza\/kategorilenmemis\/sup-ez-115-eksantrik-zincir-seti-astra-g-h-corsa-c-d-1-2-1-4-16v-z12xep-z14xep-x12xe-z12xe\/"},"modified":"2026-04-17T08:11:16","modified_gmt":"2026-04-17T05:11:16","slug":"sup-ez-115-eksantrik-zincir-seti-astra-g-h-corsa-c-d-1-2-1-4-16v-z12xep-z14xep-x12xe-z12xe","status":"publish","type":"product","link":"https:\/\/ozince.com\/magaza\/motor-mekanik-urunleri\/sup-ez-115-eksantrik-zincir-seti-astra-g-h-corsa-c-d-1-2-1-4-16v-z12xep-z14xep-x12xe-z12xe\/","title":{"rendered":"SUP-EZ-115 EKSANTR\u0130K Z\u0130NC\u0130R SET\u0130 ASTRA G-H \/ CORSA C-D 1.2 1.4 16V Z12XEP-Z14XEP-X12XE-Z12XE"},"content":{"rendered":"","protected":false},"excerpt":{"rendered":"","protected":false},"featured_media":15571,"template":"","meta":[],"product_brand":[443],"product_cat":[298],"product_tag":[378],"class_list":{"0":"post-8923","1":"product","2":"type-product","3":"status-publish","4":"has-post-thumbnail","6":"arac_markasi_modeli-astra-g","7":"arac_markasi_modeli-corsa-c","8":"arac_markasi_modeli-opel","9":"product_brand-supsan","10":"product_cat-motor-mekanik-urunleri","11":"product_tag-altay","13":"first","14":"instock","15":"taxable","16":"shipping-taxable","17":"purchasable","18":"product-type-simple"},"jetpack_sharing_enabled":true,"_links":{"self":[{"href":"https:\/\/ozince.com\/magaza\/wp-json\/wp\/v2\/product\/8923","targetHints":{"allow":["GET"]}}],"collection":[{"href":"https:\/\/ozince.com\/magaza\/wp-json\/wp\/v2\/product"}],"about":[{"href":"https:\/\/ozince.com\/magaza\/wp-json\/wp\/v2\/types\/product"}],"wp:featuredmedia":[{"embeddable":true,"href":"https:\/\/ozince.com\/magaza\/wp-json\/wp\/v2\/media\/15571"}],"wp:attachment":[{"href":"https:\/\/ozince.com\/magaza\/wp-json\/wp\/v2\/media?parent=8923"}],"wp:term":[{"taxonomy":"product_brand","embeddable":true,"href":"https:\/\/ozince.com\/magaza\/wp-json\/wp\/v2\/product_brand?post=8923"},{"taxonomy":"product_cat","embeddable":true,"href":"https:\/\/ozince.com\/magaza\/wp-json\/wp\/v2\/product_cat?post=8923"},{"taxonomy":"product_tag","embeddable":true,"href":"https:\/\/ozince.com\/magaza\/wp-json\/wp\/v2\/product_tag?post=8923"}],"curies":[{"name":"wp","href":"https:\/\/api.w.org\/{rel}","templated":true}]}}