{"id":8916,"date":"2026-04-21T08:09:53","date_gmt":"2026-04-21T05:09:53","guid":{"rendered":"https:\/\/ozince.com\/magaza\/kategorilenmemis\/prg-7-08681-01-0-yag-basinc-valfi-astra-j-astra-k-insignia-a-b-14-1-6-cdti\/"},"modified":"2026-04-21T08:09:54","modified_gmt":"2026-04-21T05:09:54","slug":"prg-7-08681-01-0-yag-basinc-valfi-astra-j-astra-k-insignia-a-b-14-1-6-cdti","status":"publish","type":"product","link":"https:\/\/ozince.com\/magaza\/sensor-ve-elektrik-urunleri\/prg-7-08681-01-0-yag-basinc-valfi-astra-j-astra-k-insignia-a-b-14-1-6-cdti\/","title":{"rendered":"PRG-7.08681.01.0 YA\u011e BASIN\u00c7 VALF\u0130 ASTRA J \/ ASTRA K \/ INSIGNIA A-B 14= 1.6 CDT\u0130"},"content":{"rendered":"","protected":false},"excerpt":{"rendered":"","protected":false},"featured_media":0,"template":"","meta":[],"product_brand":[444],"product_cat":[374],"product_tag":[378],"class_list":{"0":"post-8916","1":"product","2":"type-product","3":"status-publish","5":"arac_markasi_modeli-astra-j","6":"arac_markasi_modeli-astra-k","7":"arac_markasi_modeli-insignia-a","8":"arac_markasi_modeli-opel","9":"product_brand-pierburg","10":"product_cat-sensor-ve-elektrik-urunleri","11":"product_tag-altay","13":"first","14":"instock","15":"taxable","16":"shipping-taxable","17":"purchasable","18":"product-type-simple"},"jetpack_sharing_enabled":true,"_links":{"self":[{"href":"https:\/\/ozince.com\/magaza\/wp-json\/wp\/v2\/product\/8916","targetHints":{"allow":["GET"]}}],"collection":[{"href":"https:\/\/ozince.com\/magaza\/wp-json\/wp\/v2\/product"}],"about":[{"href":"https:\/\/ozince.com\/magaza\/wp-json\/wp\/v2\/types\/product"}],"wp:attachment":[{"href":"https:\/\/ozince.com\/magaza\/wp-json\/wp\/v2\/media?parent=8916"}],"wp:term":[{"taxonomy":"product_brand","embeddable":true,"href":"https:\/\/ozince.com\/magaza\/wp-json\/wp\/v2\/product_brand?post=8916"},{"taxonomy":"product_cat","embeddable":true,"href":"https:\/\/ozince.com\/magaza\/wp-json\/wp\/v2\/product_cat?post=8916"},{"taxonomy":"product_tag","embeddable":true,"href":"https:\/\/ozince.com\/magaza\/wp-json\/wp\/v2\/product_tag?post=8916"}],"curies":[{"name":"wp","href":"https:\/\/api.w.org\/{rel}","templated":true}]}}