{"id":8880,"date":"2026-04-10T08:08:19","date_gmt":"2026-04-10T05:08:19","guid":{"rendered":"https:\/\/ozince.com\/magaza\/kategorilenmemis\/gmb-gtck-op003-eksantrik-zincir-seti-astra-g-vectra-b-98-01-2-0-x-20-dth-y20dth-11-parca\/"},"modified":"2026-04-10T08:08:19","modified_gmt":"2026-04-10T05:08:19","slug":"gmb-gtck-op003-eksantrik-zincir-seti-astra-g-vectra-b-98-01-2-0-x-20-dth-y20dth-11-parca","status":"publish","type":"product","link":"https:\/\/ozince.com\/magaza\/motor-mekanik-urunleri\/gmb-gtck-op003-eksantrik-zincir-seti-astra-g-vectra-b-98-01-2-0-x-20-dth-y20dth-11-parca\/","title":{"rendered":"GMB-GTCK-OP003 EKSANTR\u0130K Z\u0130NC\u0130R SET\u0130 ASTRA G \/ VECTRA B \/ 98-01 2.0 \/ X 20 DTH\/Y20DTH (11 PAR\u00c7A)"},"content":{"rendered":"","protected":false},"excerpt":{"rendered":"","protected":false},"featured_media":15168,"template":"","meta":[],"product_brand":[426],"product_cat":[298],"product_tag":[378],"class_list":{"0":"post-8880","1":"product","2":"type-product","3":"status-publish","4":"has-post-thumbnail","6":"arac_markasi_modeli-astra-g","7":"arac_markasi_modeli-opel","8":"arac_markasi_modeli-vectra-b","9":"product_brand-gmb","10":"product_cat-motor-mekanik-urunleri","11":"product_tag-altay","13":"first","14":"instock","15":"taxable","16":"shipping-taxable","17":"purchasable","18":"product-type-simple"},"jetpack_sharing_enabled":true,"_links":{"self":[{"href":"https:\/\/ozince.com\/magaza\/wp-json\/wp\/v2\/product\/8880","targetHints":{"allow":["GET"]}}],"collection":[{"href":"https:\/\/ozince.com\/magaza\/wp-json\/wp\/v2\/product"}],"about":[{"href":"https:\/\/ozince.com\/magaza\/wp-json\/wp\/v2\/types\/product"}],"wp:featuredmedia":[{"embeddable":true,"href":"https:\/\/ozince.com\/magaza\/wp-json\/wp\/v2\/media\/15168"}],"wp:attachment":[{"href":"https:\/\/ozince.com\/magaza\/wp-json\/wp\/v2\/media?parent=8880"}],"wp:term":[{"taxonomy":"product_brand","embeddable":true,"href":"https:\/\/ozince.com\/magaza\/wp-json\/wp\/v2\/product_brand?post=8880"},{"taxonomy":"product_cat","embeddable":true,"href":"https:\/\/ozince.com\/magaza\/wp-json\/wp\/v2\/product_cat?post=8880"},{"taxonomy":"product_tag","embeddable":true,"href":"https:\/\/ozince.com\/magaza\/wp-json\/wp\/v2\/product_tag?post=8880"}],"curies":[{"name":"wp","href":"https:\/\/api.w.org\/{rel}","templated":true}]}}