{"id":8875,"date":"2026-04-10T08:08:19","date_gmt":"2026-04-10T05:08:19","guid":{"rendered":"https:\/\/ozince.com\/magaza\/kategorilenmemis\/gmb-gkop006-triger-seti-opel-frontera-2-2i-x22xe-91-98\/"},"modified":"2026-04-10T08:08:19","modified_gmt":"2026-04-10T05:08:19","slug":"gmb-gkop006-triger-seti-opel-frontera-2-2i-x22xe-91-98","status":"publish","type":"product","link":"https:\/\/ozince.com\/magaza\/motor-mekanik-urunleri\/gmb-gkop006-triger-seti-opel-frontera-2-2i-x22xe-91-98\/","title":{"rendered":"GMB-GKOP006 TR\u0130GER SET\u0130 OPEL FRONTERA 2.2\u0130 \/ X22XE \/ 91-98"},"content":{"rendered":"","protected":false},"excerpt":{"rendered":"","protected":false},"featured_media":15153,"template":"","meta":[],"product_brand":[426],"product_cat":[298],"product_tag":[378],"class_list":{"0":"post-8875","1":"product","2":"type-product","3":"status-publish","4":"has-post-thumbnail","6":"arac_markasi_modeli-frontera","7":"arac_markasi_modeli-opel","8":"product_brand-gmb","9":"product_cat-motor-mekanik-urunleri","10":"product_tag-altay","12":"first","13":"instock","14":"taxable","15":"shipping-taxable","16":"purchasable","17":"product-type-simple"},"jetpack_sharing_enabled":true,"_links":{"self":[{"href":"https:\/\/ozince.com\/magaza\/wp-json\/wp\/v2\/product\/8875","targetHints":{"allow":["GET"]}}],"collection":[{"href":"https:\/\/ozince.com\/magaza\/wp-json\/wp\/v2\/product"}],"about":[{"href":"https:\/\/ozince.com\/magaza\/wp-json\/wp\/v2\/types\/product"}],"wp:featuredmedia":[{"embeddable":true,"href":"https:\/\/ozince.com\/magaza\/wp-json\/wp\/v2\/media\/15153"}],"wp:attachment":[{"href":"https:\/\/ozince.com\/magaza\/wp-json\/wp\/v2\/media?parent=8875"}],"wp:term":[{"taxonomy":"product_brand","embeddable":true,"href":"https:\/\/ozince.com\/magaza\/wp-json\/wp\/v2\/product_brand?post=8875"},{"taxonomy":"product_cat","embeddable":true,"href":"https:\/\/ozince.com\/magaza\/wp-json\/wp\/v2\/product_cat?post=8875"},{"taxonomy":"product_tag","embeddable":true,"href":"https:\/\/ozince.com\/magaza\/wp-json\/wp\/v2\/product_tag?post=8875"}],"curies":[{"name":"wp","href":"https:\/\/api.w.org\/{rel}","templated":true}]}}