{"id":8872,"date":"2026-04-05T08:10:15","date_gmt":"2026-04-05T05:10:15","guid":{"rendered":"https:\/\/ozince.com\/magaza\/kategorilenmemis\/mhr-25970-tel-el-fren-astra-h-04-10-diskli-sedan-arka-sag-sol\/"},"modified":"2026-04-05T08:10:16","modified_gmt":"2026-04-05T05:10:16","slug":"mhr-25970-tel-el-fren-astra-h-04-10-diskli-sedan-arka-sag-sol","status":"publish","type":"product","link":"https:\/\/ozince.com\/magaza\/debriyaj-ve-el-fren-tel-urunleri\/mhr-25970-tel-el-fren-astra-h-04-10-diskli-sedan-arka-sag-sol\/","title":{"rendered":"MHR-25970 TEL EL FREN ASTRA H 04-10 D\u0130SKL\u0130 SEDAN ARKA SA\u011e-SOL"},"content":{"rendered":"","protected":false},"excerpt":{"rendered":"","protected":false},"featured_media":0,"template":"","meta":[],"product_brand":[288],"product_cat":[403],"product_tag":[378],"class_list":{"0":"post-8872","1":"product","2":"type-product","3":"status-publish","5":"arac_markasi_modeli-astra-h","6":"arac_markasi_modeli-opel","7":"product_brand-maher","8":"product_cat-debriyaj-ve-el-fren-tel-urunleri","9":"product_tag-altay","11":"first","12":"outofstock","13":"taxable","14":"shipping-taxable","15":"purchasable","16":"product-type-simple"},"jetpack_sharing_enabled":true,"_links":{"self":[{"href":"https:\/\/ozince.com\/magaza\/wp-json\/wp\/v2\/product\/8872","targetHints":{"allow":["GET"]}}],"collection":[{"href":"https:\/\/ozince.com\/magaza\/wp-json\/wp\/v2\/product"}],"about":[{"href":"https:\/\/ozince.com\/magaza\/wp-json\/wp\/v2\/types\/product"}],"wp:attachment":[{"href":"https:\/\/ozince.com\/magaza\/wp-json\/wp\/v2\/media?parent=8872"}],"wp:term":[{"taxonomy":"product_brand","embeddable":true,"href":"https:\/\/ozince.com\/magaza\/wp-json\/wp\/v2\/product_brand?post=8872"},{"taxonomy":"product_cat","embeddable":true,"href":"https:\/\/ozince.com\/magaza\/wp-json\/wp\/v2\/product_cat?post=8872"},{"taxonomy":"product_tag","embeddable":true,"href":"https:\/\/ozince.com\/magaza\/wp-json\/wp\/v2\/product_tag?post=8872"}],"curies":[{"name":"wp","href":"https:\/\/api.w.org\/{rel}","templated":true}]}}