{"id":8860,"date":"2026-03-04T08:10:44","date_gmt":"2026-03-04T05:10:44","guid":{"rendered":"https:\/\/ozince.com\/magaza\/kategorilenmemis\/vr-12-31306-12-supap-lastigi-clio-03-astra-h-04-10-corsa-c-00-06-1-3jtd-1-5dci-2-5dci-16li-paket\/"},"modified":"2026-03-04T08:10:44","modified_gmt":"2026-03-04T05:10:44","slug":"vr-12-31306-12-supap-lastigi-clio-03-astra-h-04-10-corsa-c-00-06-1-3jtd-1-5dci-2-5dci-16li-paket","status":"publish","type":"product","link":"https:\/\/ozince.com\/magaza\/motor-mekanik-urunleri\/vr-12-31306-12-supap-lastigi-clio-03-astra-h-04-10-corsa-c-00-06-1-3jtd-1-5dci-2-5dci-16li-paket\/","title":{"rendered":"VR-12-31306-12 SUPAP LAST\u0130\u011e\u0130 CLIO 03= \/ ASTRA H 04-10 \/ CORSA C 00-06 \/ 1.3JTD-1.5DCI-2.5DCI 16LI PAKET"},"content":{"rendered":"","protected":false},"excerpt":{"rendered":"","protected":false},"featured_media":14064,"template":"","meta":[],"product_brand":[422],"product_cat":[298],"product_tag":[378],"class_list":{"0":"post-8860","1":"product","2":"type-product","3":"status-publish","4":"has-post-thumbnail","6":"arac_markasi_modeli-astra-h","7":"arac_markasi_modeli-corsa-c","8":"arac_markasi_modeli-opel","9":"product_brand-v-reinz","10":"product_cat-motor-mekanik-urunleri","11":"product_tag-altay","13":"first","14":"instock","15":"taxable","16":"shipping-taxable","17":"purchasable","18":"product-type-simple"},"jetpack_sharing_enabled":true,"_links":{"self":[{"href":"https:\/\/ozince.com\/magaza\/wp-json\/wp\/v2\/product\/8860","targetHints":{"allow":["GET"]}}],"collection":[{"href":"https:\/\/ozince.com\/magaza\/wp-json\/wp\/v2\/product"}],"about":[{"href":"https:\/\/ozince.com\/magaza\/wp-json\/wp\/v2\/types\/product"}],"wp:featuredmedia":[{"embeddable":true,"href":"https:\/\/ozince.com\/magaza\/wp-json\/wp\/v2\/media\/14064"}],"wp:attachment":[{"href":"https:\/\/ozince.com\/magaza\/wp-json\/wp\/v2\/media?parent=8860"}],"wp:term":[{"taxonomy":"product_brand","embeddable":true,"href":"https:\/\/ozince.com\/magaza\/wp-json\/wp\/v2\/product_brand?post=8860"},{"taxonomy":"product_cat","embeddable":true,"href":"https:\/\/ozince.com\/magaza\/wp-json\/wp\/v2\/product_cat?post=8860"},{"taxonomy":"product_tag","embeddable":true,"href":"https:\/\/ozince.com\/magaza\/wp-json\/wp\/v2\/product_tag?post=8860"}],"curies":[{"name":"wp","href":"https:\/\/api.w.org\/{rel}","templated":true}]}}