{"id":8837,"date":"2026-04-07T08:12:27","date_gmt":"2026-04-07T05:12:27","guid":{"rendered":"https:\/\/ozince.com\/magaza\/kategorilenmemis\/del-gn11124-12b1-atesleme-bobini-corsa-f-crossland-crossland-x-f12xeleb2fad-b12xeeb2f-d12xeeb2fa\/"},"modified":"2026-04-07T08:12:27","modified_gmt":"2026-04-07T05:12:27","slug":"del-gn11124-12b1-atesleme-bobini-corsa-f-crossland-crossland-x-f12xeleb2fad-b12xeeb2f-d12xeeb2fa","status":"publish","type":"product","link":"https:\/\/ozince.com\/magaza\/sensor-ve-elektrik-urunleri\/del-gn11124-12b1-atesleme-bobini-corsa-f-crossland-crossland-x-f12xeleb2fad-b12xeeb2f-d12xeeb2fa\/","title":{"rendered":"DEL-GN11124-12B1 ATE\u015eLEME BOB\u0130N\u0130 CORSA F \/ CROSSLAND \/ CROSSLAND X F12XEL(EB2FAD)-B12XE(EB2F)-D12XE(EB2FA)"},"content":{"rendered":"","protected":false},"excerpt":{"rendered":"","protected":false},"featured_media":13784,"template":"","meta":[],"product_brand":[236],"product_cat":[374],"product_tag":[378],"class_list":{"0":"post-8837","1":"product","2":"type-product","3":"status-publish","4":"has-post-thumbnail","6":"arac_markasi_modeli-corsa-f","7":"arac_markasi_modeli-crossland-x","8":"arac_markasi_modeli-opel","9":"product_brand-delphi","10":"product_cat-sensor-ve-elektrik-urunleri","11":"product_tag-altay","13":"first","14":"instock","15":"taxable","16":"shipping-taxable","17":"purchasable","18":"product-type-simple"},"jetpack_sharing_enabled":true,"_links":{"self":[{"href":"https:\/\/ozince.com\/magaza\/wp-json\/wp\/v2\/product\/8837","targetHints":{"allow":["GET"]}}],"collection":[{"href":"https:\/\/ozince.com\/magaza\/wp-json\/wp\/v2\/product"}],"about":[{"href":"https:\/\/ozince.com\/magaza\/wp-json\/wp\/v2\/types\/product"}],"wp:featuredmedia":[{"embeddable":true,"href":"https:\/\/ozince.com\/magaza\/wp-json\/wp\/v2\/media\/13784"}],"wp:attachment":[{"href":"https:\/\/ozince.com\/magaza\/wp-json\/wp\/v2\/media?parent=8837"}],"wp:term":[{"taxonomy":"product_brand","embeddable":true,"href":"https:\/\/ozince.com\/magaza\/wp-json\/wp\/v2\/product_brand?post=8837"},{"taxonomy":"product_cat","embeddable":true,"href":"https:\/\/ozince.com\/magaza\/wp-json\/wp\/v2\/product_cat?post=8837"},{"taxonomy":"product_tag","embeddable":true,"href":"https:\/\/ozince.com\/magaza\/wp-json\/wp\/v2\/product_tag?post=8837"}],"curies":[{"name":"wp","href":"https:\/\/api.w.org\/{rel}","templated":true}]}}