{"id":8832,"date":"2025-10-14T14:03:57","date_gmt":"2025-10-14T11:03:57","guid":{"rendered":"https:\/\/ozince.com\/magaza\/kategorilenmemis\/trw-bwc115-fren-silindiri-astra-f-91-98-vectra-a-91-98-1-delik\/"},"modified":"2025-10-14T14:03:59","modified_gmt":"2025-10-14T11:03:59","slug":"trw-bwc115-fren-silindiri-astra-f-91-98-vectra-a-91-98-1-delik","status":"publish","type":"product","link":"https:\/\/ozince.com\/magaza\/fren-sistemi-urunleri\/trw-bwc115-fren-silindiri-astra-f-91-98-vectra-a-91-98-1-delik\/","title":{"rendered":"TRW-BWC115 FREN S\u0130L\u0130ND\u0130R\u0130 ASTRA F  91-98 \/ VECTRA A 91-98 1 DELIK"},"content":{"rendered":"","protected":false},"excerpt":{"rendered":"","protected":false},"featured_media":0,"template":"","meta":[],"product_brand":[294],"product_cat":[257],"product_tag":[378],"class_list":{"0":"post-8832","1":"product","2":"type-product","3":"status-publish","5":"arac_markasi_modeli-astra-f","6":"arac_markasi_modeli-opel","7":"arac_markasi_modeli-vectra-a","8":"product_brand-trw","9":"product_cat-fren-sistemi-urunleri","10":"product_tag-altay","12":"first","13":"outofstock","14":"taxable","15":"shipping-taxable","16":"purchasable","17":"product-type-simple"},"jetpack_sharing_enabled":true,"_links":{"self":[{"href":"https:\/\/ozince.com\/magaza\/wp-json\/wp\/v2\/product\/8832","targetHints":{"allow":["GET"]}}],"collection":[{"href":"https:\/\/ozince.com\/magaza\/wp-json\/wp\/v2\/product"}],"about":[{"href":"https:\/\/ozince.com\/magaza\/wp-json\/wp\/v2\/types\/product"}],"wp:attachment":[{"href":"https:\/\/ozince.com\/magaza\/wp-json\/wp\/v2\/media?parent=8832"}],"wp:term":[{"taxonomy":"product_brand","embeddable":true,"href":"https:\/\/ozince.com\/magaza\/wp-json\/wp\/v2\/product_brand?post=8832"},{"taxonomy":"product_cat","embeddable":true,"href":"https:\/\/ozince.com\/magaza\/wp-json\/wp\/v2\/product_cat?post=8832"},{"taxonomy":"product_tag","embeddable":true,"href":"https:\/\/ozince.com\/magaza\/wp-json\/wp\/v2\/product_tag?post=8832"}],"curies":[{"name":"wp","href":"https:\/\/api.w.org\/{rel}","templated":true}]}}