{"id":8817,"date":"2026-04-15T08:12:30","date_gmt":"2026-04-15T05:12:30","guid":{"rendered":"https:\/\/ozince.com\/magaza\/kategorilenmemis\/swg-99130372-eksantrik-zincir-seti-corsa-c-d-astra-g-h-1-2-1-4-z12-z14-xep\/"},"modified":"2026-04-15T08:12:32","modified_gmt":"2026-04-15T05:12:32","slug":"swg-99130372-eksantrik-zincir-seti-corsa-c-d-astra-g-h-1-2-1-4-z12-z14-xep","status":"publish","type":"product","link":"https:\/\/ozince.com\/magaza\/motor-mekanik-urunleri\/swg-99130372-eksantrik-zincir-seti-corsa-c-d-astra-g-h-1-2-1-4-z12-z14-xep\/","title":{"rendered":"SWG-99130372 EKSANTR\u0130K Z\u0130NC\u0130R SET\u0130 CORSA C &#8211; D \/ ASTRA G- H \/ 1.2 &#8211; 1.4 \/ Z12 &#8211; Z14 \/ XEP"},"content":{"rendered":"","protected":false},"excerpt":{"rendered":"","protected":false},"featured_media":0,"template":"","meta":[],"product_brand":[309],"product_cat":[298],"product_tag":[378],"class_list":{"0":"post-8817","1":"product","2":"type-product","3":"status-publish","5":"arac_markasi_modeli-astra-g","6":"arac_markasi_modeli-corsa-c","7":"arac_markasi_modeli-opel","8":"product_brand-swag","9":"product_cat-motor-mekanik-urunleri","10":"product_tag-altay","12":"first","13":"instock","14":"taxable","15":"shipping-taxable","16":"purchasable","17":"product-type-simple"},"jetpack_sharing_enabled":true,"_links":{"self":[{"href":"https:\/\/ozince.com\/magaza\/wp-json\/wp\/v2\/product\/8817","targetHints":{"allow":["GET"]}}],"collection":[{"href":"https:\/\/ozince.com\/magaza\/wp-json\/wp\/v2\/product"}],"about":[{"href":"https:\/\/ozince.com\/magaza\/wp-json\/wp\/v2\/types\/product"}],"wp:attachment":[{"href":"https:\/\/ozince.com\/magaza\/wp-json\/wp\/v2\/media?parent=8817"}],"wp:term":[{"taxonomy":"product_brand","embeddable":true,"href":"https:\/\/ozince.com\/magaza\/wp-json\/wp\/v2\/product_brand?post=8817"},{"taxonomy":"product_cat","embeddable":true,"href":"https:\/\/ozince.com\/magaza\/wp-json\/wp\/v2\/product_cat?post=8817"},{"taxonomy":"product_tag","embeddable":true,"href":"https:\/\/ozince.com\/magaza\/wp-json\/wp\/v2\/product_tag?post=8817"}],"curies":[{"name":"wp","href":"https:\/\/api.w.org\/{rel}","templated":true}]}}