{"id":8813,"date":"2026-04-16T08:12:24","date_gmt":"2026-04-16T05:12:24","guid":{"rendered":"https:\/\/ozince.com\/magaza\/kategorilenmemis\/vr-61-33000-10-silindir-kapak-conta-vectra-b-astra-f-x18xe-c18xe\/"},"modified":"2026-04-16T08:12:25","modified_gmt":"2026-04-16T05:12:25","slug":"vr-61-33000-10-silindir-kapak-conta-vectra-b-astra-f-x18xe-c18xe","status":"publish","type":"product","link":"https:\/\/ozince.com\/magaza\/motor-mekanik-urunleri\/vr-61-33000-10-silindir-kapak-conta-vectra-b-astra-f-x18xe-c18xe\/","title":{"rendered":"VR-61-33000-10 S\u0130L\u0130ND\u0130R KAPAK CONTA VECTRA B \/ ASTRA F X18XE-C18XE"},"content":{"rendered":"","protected":false},"excerpt":{"rendered":"","protected":false},"featured_media":14087,"template":"","meta":[],"product_brand":[422],"product_cat":[298],"product_tag":[378],"class_list":{"0":"post-8813","1":"product","2":"type-product","3":"status-publish","4":"has-post-thumbnail","6":"arac_markasi_modeli-astra-f","7":"arac_markasi_modeli-opel","8":"arac_markasi_modeli-vectra-b","9":"product_brand-v-reinz","10":"product_cat-motor-mekanik-urunleri","11":"product_tag-altay","13":"first","14":"instock","15":"taxable","16":"shipping-taxable","17":"purchasable","18":"product-type-simple"},"jetpack_sharing_enabled":true,"_links":{"self":[{"href":"https:\/\/ozince.com\/magaza\/wp-json\/wp\/v2\/product\/8813","targetHints":{"allow":["GET"]}}],"collection":[{"href":"https:\/\/ozince.com\/magaza\/wp-json\/wp\/v2\/product"}],"about":[{"href":"https:\/\/ozince.com\/magaza\/wp-json\/wp\/v2\/types\/product"}],"wp:featuredmedia":[{"embeddable":true,"href":"https:\/\/ozince.com\/magaza\/wp-json\/wp\/v2\/media\/14087"}],"wp:attachment":[{"href":"https:\/\/ozince.com\/magaza\/wp-json\/wp\/v2\/media?parent=8813"}],"wp:term":[{"taxonomy":"product_brand","embeddable":true,"href":"https:\/\/ozince.com\/magaza\/wp-json\/wp\/v2\/product_brand?post=8813"},{"taxonomy":"product_cat","embeddable":true,"href":"https:\/\/ozince.com\/magaza\/wp-json\/wp\/v2\/product_cat?post=8813"},{"taxonomy":"product_tag","embeddable":true,"href":"https:\/\/ozince.com\/magaza\/wp-json\/wp\/v2\/product_tag?post=8813"}],"curies":[{"name":"wp","href":"https:\/\/api.w.org\/{rel}","templated":true}]}}