{"id":8807,"date":"2026-04-09T08:10:48","date_gmt":"2026-04-09T05:10:48","guid":{"rendered":"https:\/\/ozince.com\/magaza\/kategorilenmemis\/vr-15-31997-01-supap-kapak-conta-ust-kapak-oringli-astra-g-98-07-vectra-b-96-02-1-8-16v-2-0-16v-x18xev-x20xev-oring\/"},"modified":"2026-04-09T08:10:49","modified_gmt":"2026-04-09T05:10:49","slug":"vr-15-31997-01-supap-kapak-conta-ust-kapak-oringli-astra-g-98-07-vectra-b-96-02-1-8-16v-2-0-16v-x18xev-x20xev-oring","status":"publish","type":"product","link":"https:\/\/ozince.com\/magaza\/motor-mekanik-urunleri\/vr-15-31997-01-supap-kapak-conta-ust-kapak-oringli-astra-g-98-07-vectra-b-96-02-1-8-16v-2-0-16v-x18xev-x20xev-oring\/","title":{"rendered":"VR-15-31997-01 SUPAP KAPAK CONTA ( \u00dcST KAPAK OR\u0130NGL\u0130 )  ASTRA G  98-07 \/ VECTRA B 96-02 \/ 1.8 16V-2.0 16V (X18XEV-X20XEV) +OR\u0130NG"},"content":{"rendered":"","protected":false},"excerpt":{"rendered":"","protected":false},"featured_media":14076,"template":"","meta":[],"product_brand":[422],"product_cat":[298],"product_tag":[378],"class_list":{"0":"post-8807","1":"product","2":"type-product","3":"status-publish","4":"has-post-thumbnail","6":"arac_markasi_modeli-astra-g","7":"arac_markasi_modeli-opel","8":"arac_markasi_modeli-vectra-b","9":"product_brand-v-reinz","10":"product_cat-motor-mekanik-urunleri","11":"product_tag-altay","13":"first","14":"instock","15":"taxable","16":"shipping-taxable","17":"purchasable","18":"product-type-simple"},"jetpack_sharing_enabled":true,"_links":{"self":[{"href":"https:\/\/ozince.com\/magaza\/wp-json\/wp\/v2\/product\/8807","targetHints":{"allow":["GET"]}}],"collection":[{"href":"https:\/\/ozince.com\/magaza\/wp-json\/wp\/v2\/product"}],"about":[{"href":"https:\/\/ozince.com\/magaza\/wp-json\/wp\/v2\/types\/product"}],"wp:featuredmedia":[{"embeddable":true,"href":"https:\/\/ozince.com\/magaza\/wp-json\/wp\/v2\/media\/14076"}],"wp:attachment":[{"href":"https:\/\/ozince.com\/magaza\/wp-json\/wp\/v2\/media?parent=8807"}],"wp:term":[{"taxonomy":"product_brand","embeddable":true,"href":"https:\/\/ozince.com\/magaza\/wp-json\/wp\/v2\/product_brand?post=8807"},{"taxonomy":"product_cat","embeddable":true,"href":"https:\/\/ozince.com\/magaza\/wp-json\/wp\/v2\/product_cat?post=8807"},{"taxonomy":"product_tag","embeddable":true,"href":"https:\/\/ozince.com\/magaza\/wp-json\/wp\/v2\/product_tag?post=8807"}],"curies":[{"name":"wp","href":"https:\/\/api.w.org\/{rel}","templated":true}]}}