{"id":8803,"date":"2026-04-16T08:21:19","date_gmt":"2026-04-16T05:21:19","guid":{"rendered":"https:\/\/ozince.com\/magaza\/kategorilenmemis\/mnd-mmf040072-yag-filtresi-astra-j-insignia-a-corsa-d-meriva-b-aveo-t300-10-a13dtc-a13dte-z13dte-a16fdl-a16fdh-a20dth\/"},"modified":"2026-04-16T08:21:20","modified_gmt":"2026-04-16T05:21:20","slug":"mnd-eeoe0065y-yag-filtresi-astra-j-insignia-a-corsa-d-meriva-b-aveo-t300-10-a13dtc-a13dte-z13dte-a16fdl-a16fdh-a20dth","status":"publish","type":"product","link":"https:\/\/ozince.com\/magaza\/periyodik-bakim-ve-filtre-urunleri\/mnd-eeoe0065y-yag-filtresi-astra-j-insignia-a-corsa-d-meriva-b-aveo-t300-10-a13dtc-a13dte-z13dte-a16fdl-a16fdh-a20dth\/","title":{"rendered":"MND-EEOE0065Y YA\u011e F\u0130LTRES\u0130 ASTRA J \/ INSIGNIA A \/ CORSA D \/ MER\u0130VA B \/ AVEO \/ T300 10= A13DTC-A13DTE-Z13DTE-A16FDL-A16FDH A20DTH"},"content":{"rendered":"","protected":false},"excerpt":{"rendered":"","protected":false},"featured_media":0,"template":"","meta":[],"product_brand":[434],"product_cat":[352],"product_tag":[378],"class_list":{"0":"post-8803","1":"product","2":"type-product","3":"status-publish","5":"arac_markasi_modeli-astra-j","6":"arac_markasi_modeli-corsa-d","7":"arac_markasi_modeli-insignia-a","8":"arac_markasi_modeli-meriva","9":"arac_markasi_modeli-meriva-b","10":"arac_markasi_modeli-opel","11":"product_brand-mando","12":"product_cat-periyodik-bakim-ve-filtre-urunleri","13":"product_tag-altay","15":"first","16":"outofstock","17":"taxable","18":"shipping-taxable","19":"purchasable","20":"product-type-simple"},"jetpack_sharing_enabled":true,"_links":{"self":[{"href":"https:\/\/ozince.com\/magaza\/wp-json\/wp\/v2\/product\/8803","targetHints":{"allow":["GET"]}}],"collection":[{"href":"https:\/\/ozince.com\/magaza\/wp-json\/wp\/v2\/product"}],"about":[{"href":"https:\/\/ozince.com\/magaza\/wp-json\/wp\/v2\/types\/product"}],"wp:attachment":[{"href":"https:\/\/ozince.com\/magaza\/wp-json\/wp\/v2\/media?parent=8803"}],"wp:term":[{"taxonomy":"product_brand","embeddable":true,"href":"https:\/\/ozince.com\/magaza\/wp-json\/wp\/v2\/product_brand?post=8803"},{"taxonomy":"product_cat","embeddable":true,"href":"https:\/\/ozince.com\/magaza\/wp-json\/wp\/v2\/product_cat?post=8803"},{"taxonomy":"product_tag","embeddable":true,"href":"https:\/\/ozince.com\/magaza\/wp-json\/wp\/v2\/product_tag?post=8803"}],"curies":[{"name":"wp","href":"https:\/\/api.w.org\/{rel}","templated":true}]}}