{"id":8801,"date":"2026-04-10T08:15:04","date_gmt":"2026-04-10T05:15:04","guid":{"rendered":"https:\/\/ozince.com\/magaza\/kategorilenmemis\/gates-5408xs-triger-kayisi-169-dis-astra-f-vectra-a-vectra-b-omega-b-x20xev-x18xe-c18xe\/"},"modified":"2026-04-10T08:15:04","modified_gmt":"2026-04-10T05:15:04","slug":"gmb-gb169240td-triger-kayisi-169-dis-astra-f-vectra-a-vectra-b-omega-b-x20xev-x18xe-c18xe","status":"publish","type":"product","link":"https:\/\/ozince.com\/magaza\/motor-mekanik-urunleri\/gmb-gb169240td-triger-kayisi-169-dis-astra-f-vectra-a-vectra-b-omega-b-x20xev-x18xe-c18xe\/","title":{"rendered":"GMB-GB169240TD TR\u0130GER KAYI\u015eI (169 D\u0130\u015e ) ASTRA F \/ VECTRA A \/ VECTRA B \/ OMEGA B X20XEV-X18XE-C18XE"},"content":{"rendered":"","protected":false},"excerpt":{"rendered":"","protected":false},"featured_media":0,"template":"","meta":[],"product_brand":[426],"product_cat":[298],"product_tag":[378],"class_list":{"0":"post-8801","1":"product","2":"type-product","3":"status-publish","5":"arac_markasi_modeli-astra-f","6":"arac_markasi_modeli-omega-b","7":"arac_markasi_modeli-opel","8":"arac_markasi_modeli-vectra-a","9":"arac_markasi_modeli-vectra-b","10":"product_brand-gmb","11":"product_cat-motor-mekanik-urunleri","12":"product_tag-altay","14":"first","15":"instock","16":"taxable","17":"shipping-taxable","18":"purchasable","19":"product-type-simple"},"jetpack_sharing_enabled":true,"_links":{"self":[{"href":"https:\/\/ozince.com\/magaza\/wp-json\/wp\/v2\/product\/8801","targetHints":{"allow":["GET"]}}],"collection":[{"href":"https:\/\/ozince.com\/magaza\/wp-json\/wp\/v2\/product"}],"about":[{"href":"https:\/\/ozince.com\/magaza\/wp-json\/wp\/v2\/types\/product"}],"wp:attachment":[{"href":"https:\/\/ozince.com\/magaza\/wp-json\/wp\/v2\/media?parent=8801"}],"wp:term":[{"taxonomy":"product_brand","embeddable":true,"href":"https:\/\/ozince.com\/magaza\/wp-json\/wp\/v2\/product_brand?post=8801"},{"taxonomy":"product_cat","embeddable":true,"href":"https:\/\/ozince.com\/magaza\/wp-json\/wp\/v2\/product_cat?post=8801"},{"taxonomy":"product_tag","embeddable":true,"href":"https:\/\/ozince.com\/magaza\/wp-json\/wp\/v2\/product_tag?post=8801"}],"curies":[{"name":"wp","href":"https:\/\/api.w.org\/{rel}","templated":true}]}}