{"id":8800,"date":"2026-04-10T08:08:08","date_gmt":"2026-04-10T05:08:08","guid":{"rendered":"https:\/\/ozince.com\/magaza\/kategorilenmemis\/ina-427100430-disli-eksantrik-emme-astra-h-vectra-c-insignia-a-z16xer-a16xer-z18xer-aveo-t250-cruze\/"},"modified":"2026-04-10T08:08:09","modified_gmt":"2026-04-10T05:08:09","slug":"ina-427100430-disli-eksantrik-emme-astra-h-vectra-c-insignia-a-z16xer-a16xer-z18xer-aveo-t250-cruze","status":"publish","type":"product","link":"https:\/\/ozince.com\/magaza\/motor-mekanik-urunleri\/ina-427100430-disli-eksantrik-emme-astra-h-vectra-c-insignia-a-z16xer-a16xer-z18xer-aveo-t250-cruze\/","title":{"rendered":"INA-427100430 D\u0130\u015eL\u0130 EKSANTR\u0130K EMME ASTRA H \/ VECTRA C \/ INSIGNIA A Z16XER-A16XER-Z18XER-AVEO T250-CRUZE"},"content":{"rendered":"","protected":false},"excerpt":{"rendered":"","protected":false},"featured_media":13702,"template":"","meta":[],"product_brand":[303],"product_cat":[298],"product_tag":[378],"class_list":{"0":"post-8800","1":"product","2":"type-product","3":"status-publish","4":"has-post-thumbnail","6":"arac_markasi_modeli-astra-h","7":"arac_markasi_modeli-insignia-a","8":"arac_markasi_modeli-opel","9":"arac_markasi_modeli-vectra-c","10":"product_brand-ina","11":"product_cat-motor-mekanik-urunleri","12":"product_tag-altay","14":"first","15":"instock","16":"taxable","17":"shipping-taxable","18":"purchasable","19":"product-type-simple"},"jetpack_sharing_enabled":true,"_links":{"self":[{"href":"https:\/\/ozince.com\/magaza\/wp-json\/wp\/v2\/product\/8800","targetHints":{"allow":["GET"]}}],"collection":[{"href":"https:\/\/ozince.com\/magaza\/wp-json\/wp\/v2\/product"}],"about":[{"href":"https:\/\/ozince.com\/magaza\/wp-json\/wp\/v2\/types\/product"}],"wp:featuredmedia":[{"embeddable":true,"href":"https:\/\/ozince.com\/magaza\/wp-json\/wp\/v2\/media\/13702"}],"wp:attachment":[{"href":"https:\/\/ozince.com\/magaza\/wp-json\/wp\/v2\/media?parent=8800"}],"wp:term":[{"taxonomy":"product_brand","embeddable":true,"href":"https:\/\/ozince.com\/magaza\/wp-json\/wp\/v2\/product_brand?post=8800"},{"taxonomy":"product_cat","embeddable":true,"href":"https:\/\/ozince.com\/magaza\/wp-json\/wp\/v2\/product_cat?post=8800"},{"taxonomy":"product_tag","embeddable":true,"href":"https:\/\/ozince.com\/magaza\/wp-json\/wp\/v2\/product_tag?post=8800"}],"curies":[{"name":"wp","href":"https:\/\/api.w.org\/{rel}","templated":true}]}}