{"id":8784,"date":"2026-04-11T08:16:19","date_gmt":"2026-04-11T05:16:19","guid":{"rendered":"https:\/\/ozince.com\/magaza\/kategorilenmemis\/vr-14-11649-01-civata-silindir-kapak-saplamasi-insignia-a-astra-j-astra-k-mokka-b16dth\/"},"modified":"2026-04-11T08:16:19","modified_gmt":"2026-04-11T05:16:19","slug":"elr-659-500-civata-silindir-kapak-saplamasi-insignia-a-astra-j-astra-k-mokka-b16dth","status":"publish","type":"product","link":"https:\/\/ozince.com\/magaza\/motor-mekanik-urunleri\/elr-659-500-civata-silindir-kapak-saplamasi-insignia-a-astra-j-astra-k-mokka-b16dth\/","title":{"rendered":"ELR-659.500 C\u0130VATA S\u0130L\u0130ND\u0130R KAPAK SAPLAMASI INSIGNIA A \/ ASTRA J \/ASTRA K \/ MOKKA B16DTH"},"content":{"rendered":"","protected":false},"excerpt":{"rendered":"","protected":false},"featured_media":12898,"template":"","meta":[],"product_brand":[421],"product_cat":[298],"product_tag":[378],"class_list":{"0":"post-8784","1":"product","2":"type-product","3":"status-publish","4":"has-post-thumbnail","6":"arac_markasi_modeli-astra-j","7":"arac_markasi_modeli-astra-k","8":"arac_markasi_modeli-insignia-a","9":"arac_markasi_modeli-mokka","10":"arac_markasi_modeli-opel","11":"product_brand-elring","12":"product_cat-motor-mekanik-urunleri","13":"product_tag-altay","15":"first","16":"instock","17":"taxable","18":"shipping-taxable","19":"purchasable","20":"product-type-simple"},"jetpack_sharing_enabled":true,"_links":{"self":[{"href":"https:\/\/ozince.com\/magaza\/wp-json\/wp\/v2\/product\/8784","targetHints":{"allow":["GET"]}}],"collection":[{"href":"https:\/\/ozince.com\/magaza\/wp-json\/wp\/v2\/product"}],"about":[{"href":"https:\/\/ozince.com\/magaza\/wp-json\/wp\/v2\/types\/product"}],"wp:featuredmedia":[{"embeddable":true,"href":"https:\/\/ozince.com\/magaza\/wp-json\/wp\/v2\/media\/12898"}],"wp:attachment":[{"href":"https:\/\/ozince.com\/magaza\/wp-json\/wp\/v2\/media?parent=8784"}],"wp:term":[{"taxonomy":"product_brand","embeddable":true,"href":"https:\/\/ozince.com\/magaza\/wp-json\/wp\/v2\/product_brand?post=8784"},{"taxonomy":"product_cat","embeddable":true,"href":"https:\/\/ozince.com\/magaza\/wp-json\/wp\/v2\/product_cat?post=8784"},{"taxonomy":"product_tag","embeddable":true,"href":"https:\/\/ozince.com\/magaza\/wp-json\/wp\/v2\/product_tag?post=8784"}],"curies":[{"name":"wp","href":"https:\/\/api.w.org\/{rel}","templated":true}]}}