{"id":8782,"date":"2026-04-28T08:07:15","date_gmt":"2026-04-28T05:07:15","guid":{"rendered":"https:\/\/ozince.com\/magaza\/kategorilenmemis\/vr-12-26546-01-supap-lastigi-astra-f-91-98-vectra-a-88-95-1-4-1-6-1-8-2-0-8li-paket\/"},"modified":"2026-04-28T08:07:16","modified_gmt":"2026-04-28T05:07:16","slug":"vr-12-26546-01-supap-lastigi-astra-f-91-98-vectra-a-88-95-1-4-1-6-1-8-2-0-8li-paket","status":"publish","type":"product","link":"https:\/\/ozince.com\/magaza\/motor-mekanik-urunleri\/vr-12-26546-01-supap-lastigi-astra-f-91-98-vectra-a-88-95-1-4-1-6-1-8-2-0-8li-paket\/","title":{"rendered":"VR-12-26546-01 SUPAP LAST\u0130\u011e\u0130 ASTRA F  91-98 \/ VECTRA A 88-95 \/ 1.4-1.6-1.8-2.0 8L\u0130 PAKET"},"content":{"rendered":"","protected":false},"excerpt":{"rendered":"","protected":false},"featured_media":14562,"template":"","meta":[],"product_brand":[422],"product_cat":[298],"product_tag":[378],"class_list":{"0":"post-8782","1":"product","2":"type-product","3":"status-publish","4":"has-post-thumbnail","6":"arac_markasi_modeli-astra-f","7":"arac_markasi_modeli-opel","8":"arac_markasi_modeli-vectra-a","9":"product_brand-v-reinz","10":"product_cat-motor-mekanik-urunleri","11":"product_tag-altay","13":"first","14":"outofstock","15":"taxable","16":"shipping-taxable","17":"purchasable","18":"product-type-simple"},"jetpack_sharing_enabled":true,"_links":{"self":[{"href":"https:\/\/ozince.com\/magaza\/wp-json\/wp\/v2\/product\/8782","targetHints":{"allow":["GET"]}}],"collection":[{"href":"https:\/\/ozince.com\/magaza\/wp-json\/wp\/v2\/product"}],"about":[{"href":"https:\/\/ozince.com\/magaza\/wp-json\/wp\/v2\/types\/product"}],"wp:featuredmedia":[{"embeddable":true,"href":"https:\/\/ozince.com\/magaza\/wp-json\/wp\/v2\/media\/14562"}],"wp:attachment":[{"href":"https:\/\/ozince.com\/magaza\/wp-json\/wp\/v2\/media?parent=8782"}],"wp:term":[{"taxonomy":"product_brand","embeddable":true,"href":"https:\/\/ozince.com\/magaza\/wp-json\/wp\/v2\/product_brand?post=8782"},{"taxonomy":"product_cat","embeddable":true,"href":"https:\/\/ozince.com\/magaza\/wp-json\/wp\/v2\/product_cat?post=8782"},{"taxonomy":"product_tag","embeddable":true,"href":"https:\/\/ozince.com\/magaza\/wp-json\/wp\/v2\/product_tag?post=8782"}],"curies":[{"name":"wp","href":"https:\/\/api.w.org\/{rel}","templated":true}]}}