{"id":8780,"date":"2026-04-10T08:08:06","date_gmt":"2026-04-10T05:08:06","guid":{"rendered":"https:\/\/ozince.com\/magaza\/kategorilenmemis\/vr-12-42873-01-supap-lastigi-astra-j-astra-k-insignia-a-mokka-insignia-b-b16dth\/"},"modified":"2026-04-10T08:08:07","modified_gmt":"2026-04-10T05:08:07","slug":"vr-12-42873-01-supap-lastigi-astra-j-astra-k-insignia-a-mokka-insignia-b-b16dth","status":"publish","type":"product","link":"https:\/\/ozince.com\/magaza\/motor-mekanik-urunleri\/vr-12-42873-01-supap-lastigi-astra-j-astra-k-insignia-a-mokka-insignia-b-b16dth\/","title":{"rendered":"VR-12-42873-01 SUPAP LAST\u0130\u011e\u0130 ASTRA J \/ ASTRA K \/ INSIGNIA A \/ MOKKA \/ INSIGNIA B B16DTH"},"content":{"rendered":"","protected":false},"excerpt":{"rendered":"","protected":false},"featured_media":15851,"template":"","meta":[],"product_brand":[422],"product_cat":[298],"product_tag":[378],"class_list":{"0":"post-8780","1":"product","2":"type-product","3":"status-publish","4":"has-post-thumbnail","6":"arac_markasi_modeli-astra-j","7":"arac_markasi_modeli-astra-k","8":"arac_markasi_modeli-insignia-a","9":"arac_markasi_modeli-insignia-b","10":"arac_markasi_modeli-mokka","11":"arac_markasi_modeli-opel","12":"product_brand-v-reinz","13":"product_cat-motor-mekanik-urunleri","14":"product_tag-altay","16":"first","17":"outofstock","18":"taxable","19":"shipping-taxable","20":"purchasable","21":"product-type-simple"},"jetpack_sharing_enabled":true,"_links":{"self":[{"href":"https:\/\/ozince.com\/magaza\/wp-json\/wp\/v2\/product\/8780","targetHints":{"allow":["GET"]}}],"collection":[{"href":"https:\/\/ozince.com\/magaza\/wp-json\/wp\/v2\/product"}],"about":[{"href":"https:\/\/ozince.com\/magaza\/wp-json\/wp\/v2\/types\/product"}],"wp:featuredmedia":[{"embeddable":true,"href":"https:\/\/ozince.com\/magaza\/wp-json\/wp\/v2\/media\/15851"}],"wp:attachment":[{"href":"https:\/\/ozince.com\/magaza\/wp-json\/wp\/v2\/media?parent=8780"}],"wp:term":[{"taxonomy":"product_brand","embeddable":true,"href":"https:\/\/ozince.com\/magaza\/wp-json\/wp\/v2\/product_brand?post=8780"},{"taxonomy":"product_cat","embeddable":true,"href":"https:\/\/ozince.com\/magaza\/wp-json\/wp\/v2\/product_cat?post=8780"},{"taxonomy":"product_tag","embeddable":true,"href":"https:\/\/ozince.com\/magaza\/wp-json\/wp\/v2\/product_tag?post=8780"}],"curies":[{"name":"wp","href":"https:\/\/api.w.org\/{rel}","templated":true}]}}