{"id":8772,"date":"2026-04-05T08:09:54","date_gmt":"2026-04-05T05:09:54","guid":{"rendered":"https:\/\/ozince.com\/magaza\/kategorilenmemis\/tpr-201534001-disli-kilometre-astra-f-vectra-a-corsa-b-mokka-kalos-aveo-lacetti-89\/"},"modified":"2026-04-05T08:09:54","modified_gmt":"2026-04-05T05:09:54","slug":"tpr-201534001-disli-kilometre-astra-f-vectra-a-corsa-b-mokka-kalos-aveo-lacetti-89","status":"publish","type":"product","link":"https:\/\/ozince.com\/magaza\/motor-mekanik-urunleri\/tpr-201534001-disli-kilometre-astra-f-vectra-a-corsa-b-mokka-kalos-aveo-lacetti-89\/","title":{"rendered":"TPR-201534001 D\u0130\u015eL\u0130 K\u0130LOMETRE ASTRA F \/ VECTRA A \/ CORSA B \/ MOKKA \/ KALOS \/ AVEO \/ LACETT\u0130 89="},"content":{"rendered":"","protected":false},"excerpt":{"rendered":"","protected":false},"featured_media":0,"template":"","meta":[],"product_brand":[336],"product_cat":[298],"product_tag":[378],"class_list":{"0":"post-8772","1":"product","2":"type-product","3":"status-publish","5":"arac_markasi_modeli-astra-f","6":"arac_markasi_modeli-corsa-b","7":"arac_markasi_modeli-mokka","8":"arac_markasi_modeli-opel","9":"arac_markasi_modeli-vectra-a","10":"product_brand-topran","11":"product_cat-motor-mekanik-urunleri","12":"product_tag-altay","14":"first","15":"outofstock","16":"taxable","17":"shipping-taxable","18":"purchasable","19":"product-type-simple"},"jetpack_sharing_enabled":true,"_links":{"self":[{"href":"https:\/\/ozince.com\/magaza\/wp-json\/wp\/v2\/product\/8772","targetHints":{"allow":["GET"]}}],"collection":[{"href":"https:\/\/ozince.com\/magaza\/wp-json\/wp\/v2\/product"}],"about":[{"href":"https:\/\/ozince.com\/magaza\/wp-json\/wp\/v2\/types\/product"}],"wp:attachment":[{"href":"https:\/\/ozince.com\/magaza\/wp-json\/wp\/v2\/media?parent=8772"}],"wp:term":[{"taxonomy":"product_brand","embeddable":true,"href":"https:\/\/ozince.com\/magaza\/wp-json\/wp\/v2\/product_brand?post=8772"},{"taxonomy":"product_cat","embeddable":true,"href":"https:\/\/ozince.com\/magaza\/wp-json\/wp\/v2\/product_cat?post=8772"},{"taxonomy":"product_tag","embeddable":true,"href":"https:\/\/ozince.com\/magaza\/wp-json\/wp\/v2\/product_tag?post=8772"}],"curies":[{"name":"wp","href":"https:\/\/api.w.org\/{rel}","templated":true}]}}