{"id":8769,"date":"2026-04-11T08:15:02","date_gmt":"2026-04-11T05:15:02","guid":{"rendered":"https:\/\/ozince.com\/magaza\/kategorilenmemis\/del-ts10250-musur-hararet-astra-f-corsa-b-vectra-a-b-93-c14nz-x14nz-x14xe-c16nz-20ne-c20xe-x25xe\/"},"modified":"2026-04-11T08:15:04","modified_gmt":"2026-04-11T05:15:04","slug":"fae-33010-musur-hararet-astra-f-corsa-b-vectra-a-b-93-c14nz-x14nz-x14xe-c16nz-20ne-c20xe-x25xe","status":"publish","type":"product","link":"https:\/\/ozince.com\/magaza\/sensor-ve-elektrik-urunleri\/fae-33010-musur-hararet-astra-f-corsa-b-vectra-a-b-93-c14nz-x14nz-x14xe-c16nz-20ne-c20xe-x25xe\/","title":{"rendered":"FAE-33010 M\u00dc\u015e\u00dcR HARARET ASTRA F \/ CORSA B \/ VECTRA A-B 93= C14NZ-X14NZ-X14XE-C16NZ-20NE-C20XE-X25XE"},"content":{"rendered":"","protected":false},"excerpt":{"rendered":"","protected":false},"featured_media":15088,"template":"","meta":[],"product_brand":[428],"product_cat":[374],"product_tag":[378],"class_list":{"0":"post-8769","1":"product","2":"type-product","3":"status-publish","4":"has-post-thumbnail","6":"arac_markasi_modeli-astra-f","7":"arac_markasi_modeli-corsa-b","8":"arac_markasi_modeli-opel","9":"arac_markasi_modeli-vectra-a","10":"product_brand-fae","11":"product_cat-sensor-ve-elektrik-urunleri","12":"product_tag-altay","14":"first","15":"instock","16":"taxable","17":"shipping-taxable","18":"purchasable","19":"product-type-simple"},"jetpack_sharing_enabled":true,"_links":{"self":[{"href":"https:\/\/ozince.com\/magaza\/wp-json\/wp\/v2\/product\/8769","targetHints":{"allow":["GET"]}}],"collection":[{"href":"https:\/\/ozince.com\/magaza\/wp-json\/wp\/v2\/product"}],"about":[{"href":"https:\/\/ozince.com\/magaza\/wp-json\/wp\/v2\/types\/product"}],"wp:featuredmedia":[{"embeddable":true,"href":"https:\/\/ozince.com\/magaza\/wp-json\/wp\/v2\/media\/15088"}],"wp:attachment":[{"href":"https:\/\/ozince.com\/magaza\/wp-json\/wp\/v2\/media?parent=8769"}],"wp:term":[{"taxonomy":"product_brand","embeddable":true,"href":"https:\/\/ozince.com\/magaza\/wp-json\/wp\/v2\/product_brand?post=8769"},{"taxonomy":"product_cat","embeddable":true,"href":"https:\/\/ozince.com\/magaza\/wp-json\/wp\/v2\/product_cat?post=8769"},{"taxonomy":"product_tag","embeddable":true,"href":"https:\/\/ozince.com\/magaza\/wp-json\/wp\/v2\/product_tag?post=8769"}],"curies":[{"name":"wp","href":"https:\/\/api.w.org\/{rel}","templated":true}]}}