{"id":8765,"date":"2026-03-05T08:11:09","date_gmt":"2026-03-05T05:11:09","guid":{"rendered":"https:\/\/ozince.com\/magaza\/kategorilenmemis\/luk-600033900-debriyaj-seti-volanli-rulman-komple-kit-astra-h-corsa-d-fiat-punto-manuel-easytronic-1-3-6-ileri\/"},"modified":"2026-03-05T08:11:11","modified_gmt":"2026-03-05T05:11:11","slug":"luk-600033900-debriyaj-seti-volanli-rulman-komple-kit-astra-h-corsa-d-fiat-punto-manuel-easytronic-1-3-6-ileri","status":"publish","type":"product","link":"https:\/\/ozince.com\/magaza\/debriyaj-ve-sanziman-urunleri\/luk-600033900-debriyaj-seti-volanli-rulman-komple-kit-astra-h-corsa-d-fiat-punto-manuel-easytronic-1-3-6-ileri\/","title":{"rendered":"LUK-600033900 DEBR\u0130YAJ SET\u0130 VOLANLI + RULMAN KOMPLE K\u0130T ASTRA H \/ CORSA D \/ FIAT PUNTO MANUEL-EASYTRONIC 1.3 6 \u0130LER\u0130"},"content":{"rendered":"","protected":false},"excerpt":{"rendered":"","protected":false},"featured_media":0,"template":"","meta":[],"product_brand":[234],"product_cat":[347],"product_tag":[378],"class_list":{"0":"post-8765","1":"product","2":"type-product","3":"status-publish","5":"arac_markasi_modeli-astra-h","6":"arac_markasi_modeli-corsa-d","7":"arac_markasi_modeli-opel","8":"product_brand-luk","9":"product_cat-debriyaj-ve-sanziman-urunleri","10":"product_tag-altay","12":"first","13":"outofstock","14":"taxable","15":"shipping-taxable","16":"purchasable","17":"product-type-simple"},"jetpack_sharing_enabled":true,"_links":{"self":[{"href":"https:\/\/ozince.com\/magaza\/wp-json\/wp\/v2\/product\/8765","targetHints":{"allow":["GET"]}}],"collection":[{"href":"https:\/\/ozince.com\/magaza\/wp-json\/wp\/v2\/product"}],"about":[{"href":"https:\/\/ozince.com\/magaza\/wp-json\/wp\/v2\/types\/product"}],"wp:attachment":[{"href":"https:\/\/ozince.com\/magaza\/wp-json\/wp\/v2\/media?parent=8765"}],"wp:term":[{"taxonomy":"product_brand","embeddable":true,"href":"https:\/\/ozince.com\/magaza\/wp-json\/wp\/v2\/product_brand?post=8765"},{"taxonomy":"product_cat","embeddable":true,"href":"https:\/\/ozince.com\/magaza\/wp-json\/wp\/v2\/product_cat?post=8765"},{"taxonomy":"product_tag","embeddable":true,"href":"https:\/\/ozince.com\/magaza\/wp-json\/wp\/v2\/product_tag?post=8765"}],"curies":[{"name":"wp","href":"https:\/\/api.w.org\/{rel}","templated":true}]}}