{"id":8763,"date":"2026-04-06T08:14:14","date_gmt":"2026-04-06T05:14:14","guid":{"rendered":"https:\/\/ozince.com\/magaza\/kategorilenmemis\/flt-oe648-3-yag-filtresi-insignia-a-astra-j-vectra-c-zafira-b-captiva-b-antara-07-a20nht-a20nft-z22se-a24xe\/"},"modified":"2026-04-06T08:14:14","modified_gmt":"2026-04-06T05:14:14","slug":"flt-oe648-3-yag-filtresi-insignia-a-astra-j-vectra-c-zafira-b-captiva-b-antara-07-a20nht-a20nft-z22se-a24xe","status":"publish","type":"product","link":"https:\/\/ozince.com\/magaza\/periyodik-bakim-ve-filtre-urunleri\/flt-oe648-3-yag-filtresi-insignia-a-astra-j-vectra-c-zafira-b-captiva-b-antara-07-a20nht-a20nft-z22se-a24xe\/","title":{"rendered":"FLT-OE648\/3 YA\u011e F\u0130LTRES\u0130 INSIGNIA A \/ ASTRA J \/ VECTRA C \/ ZAF\u0130RA B \/ CAPT\u0130VA B ANTARA 07= A20NHT-A20NFT-Z22SE-A24XE"},"content":{"rendered":"","protected":false},"excerpt":{"rendered":"","protected":false},"featured_media":13192,"template":"","meta":[],"product_brand":[196],"product_cat":[352],"product_tag":[378],"class_list":{"0":"post-8763","1":"product","2":"type-product","3":"status-publish","4":"has-post-thumbnail","6":"arac_markasi_modeli-astra-j","7":"arac_markasi_modeli-insignia-a","8":"arac_markasi_modeli-opel","9":"arac_markasi_modeli-vectra-c","10":"arac_markasi_modeli-zafira-b","11":"product_brand-filtron","12":"product_cat-periyodik-bakim-ve-filtre-urunleri","13":"product_tag-altay","15":"first","16":"outofstock","17":"taxable","18":"shipping-taxable","19":"purchasable","20":"product-type-simple"},"jetpack_sharing_enabled":true,"_links":{"self":[{"href":"https:\/\/ozince.com\/magaza\/wp-json\/wp\/v2\/product\/8763","targetHints":{"allow":["GET"]}}],"collection":[{"href":"https:\/\/ozince.com\/magaza\/wp-json\/wp\/v2\/product"}],"about":[{"href":"https:\/\/ozince.com\/magaza\/wp-json\/wp\/v2\/types\/product"}],"wp:featuredmedia":[{"embeddable":true,"href":"https:\/\/ozince.com\/magaza\/wp-json\/wp\/v2\/media\/13192"}],"wp:attachment":[{"href":"https:\/\/ozince.com\/magaza\/wp-json\/wp\/v2\/media?parent=8763"}],"wp:term":[{"taxonomy":"product_brand","embeddable":true,"href":"https:\/\/ozince.com\/magaza\/wp-json\/wp\/v2\/product_brand?post=8763"},{"taxonomy":"product_cat","embeddable":true,"href":"https:\/\/ozince.com\/magaza\/wp-json\/wp\/v2\/product_cat?post=8763"},{"taxonomy":"product_tag","embeddable":true,"href":"https:\/\/ozince.com\/magaza\/wp-json\/wp\/v2\/product_tag?post=8763"}],"curies":[{"name":"wp","href":"https:\/\/api.w.org\/{rel}","templated":true}]}}