{"id":8756,"date":"2026-04-06T08:14:12","date_gmt":"2026-04-06T05:14:12","guid":{"rendered":"https:\/\/ozince.com\/magaza\/kategorilenmemis\/ina-560000110-triger-seti-eksantrik-disli-devirdaim-eksantrik-disli-ayar-supap-eksantik-kece-ust-kapak-conta-astra-h-insignia-a\/"},"modified":"2026-04-06T08:14:13","modified_gmt":"2026-04-06T05:14:13","slug":"ina-560000110-triger-seti-eksantrik-disli-devirdaim-eksantrik-disli-ayar-supap-eksantik-kece-ust-kapak-conta-astra-h-insignia-a","status":"publish","type":"product","link":"https:\/\/ozince.com\/magaza\/motor-mekanik-urunleri\/ina-560000110-triger-seti-eksantrik-disli-devirdaim-eksantrik-disli-ayar-supap-eksantik-kece-ust-kapak-conta-astra-h-insignia-a\/","title":{"rendered":"INA-560000110 TR\u0130GER SET\u0130 + EKSANTRIK DISLI + DEVIRDAIM + EKSANTRIK DISLI AYAR SUPAP + EKSANTIK KE\u00c7E + \u00dcST KAPAK CONTA ASTRA H \/ INSIGNIA A"},"content":{"rendered":"","protected":false},"excerpt":{"rendered":"","protected":false},"featured_media":0,"template":"","meta":[],"product_brand":[303],"product_cat":[298],"product_tag":[378],"class_list":{"0":"post-8756","1":"product","2":"type-product","3":"status-publish","5":"arac_markasi_modeli-astra-h","6":"arac_markasi_modeli-insignia-a","7":"arac_markasi_modeli-opel","8":"product_brand-ina","9":"product_cat-motor-mekanik-urunleri","10":"product_tag-altay","12":"first","13":"outofstock","14":"taxable","15":"shipping-taxable","16":"purchasable","17":"product-type-simple"},"jetpack_sharing_enabled":true,"_links":{"self":[{"href":"https:\/\/ozince.com\/magaza\/wp-json\/wp\/v2\/product\/8756","targetHints":{"allow":["GET"]}}],"collection":[{"href":"https:\/\/ozince.com\/magaza\/wp-json\/wp\/v2\/product"}],"about":[{"href":"https:\/\/ozince.com\/magaza\/wp-json\/wp\/v2\/types\/product"}],"wp:attachment":[{"href":"https:\/\/ozince.com\/magaza\/wp-json\/wp\/v2\/media?parent=8756"}],"wp:term":[{"taxonomy":"product_brand","embeddable":true,"href":"https:\/\/ozince.com\/magaza\/wp-json\/wp\/v2\/product_brand?post=8756"},{"taxonomy":"product_cat","embeddable":true,"href":"https:\/\/ozince.com\/magaza\/wp-json\/wp\/v2\/product_cat?post=8756"},{"taxonomy":"product_tag","embeddable":true,"href":"https:\/\/ozince.com\/magaza\/wp-json\/wp\/v2\/product_tag?post=8756"}],"curies":[{"name":"wp","href":"https:\/\/api.w.org\/{rel}","templated":true}]}}