{"id":8752,"date":"2026-04-08T08:08:38","date_gmt":"2026-04-08T05:08:38","guid":{"rendered":"https:\/\/ozince.com\/magaza\/kategorilenmemis\/uce-91102-aks-korugu-dis-corsa-c-combo-c\/"},"modified":"2026-04-08T08:08:38","modified_gmt":"2026-04-08T05:08:38","slug":"uce-91102-aks-korugu-dis-corsa-c-combo-c","status":"publish","type":"product","link":"https:\/\/ozince.com\/magaza\/aks-urunleri\/uce-91102-aks-korugu-dis-corsa-c-combo-c\/","title":{"rendered":"UCE-91102 AKS K\u00d6R\u00dc\u011e\u00dc DI\u015e CORSA C \/ COMBO C"},"content":{"rendered":"","protected":false},"excerpt":{"rendered":"","protected":false},"featured_media":15753,"template":"","meta":[],"product_brand":[414],"product_cat":[379],"product_tag":[378],"class_list":{"0":"post-8752","1":"product","2":"type-product","3":"status-publish","4":"has-post-thumbnail","6":"arac_markasi_modeli-combo-c","7":"arac_markasi_modeli-corsa-c","8":"arac_markasi_modeli-opel","9":"product_brand-ucel","10":"product_cat-aks-urunleri","11":"product_tag-altay","13":"first","14":"instock","15":"taxable","16":"shipping-taxable","17":"purchasable","18":"product-type-simple"},"jetpack_sharing_enabled":true,"_links":{"self":[{"href":"https:\/\/ozince.com\/magaza\/wp-json\/wp\/v2\/product\/8752","targetHints":{"allow":["GET"]}}],"collection":[{"href":"https:\/\/ozince.com\/magaza\/wp-json\/wp\/v2\/product"}],"about":[{"href":"https:\/\/ozince.com\/magaza\/wp-json\/wp\/v2\/types\/product"}],"wp:featuredmedia":[{"embeddable":true,"href":"https:\/\/ozince.com\/magaza\/wp-json\/wp\/v2\/media\/15753"}],"wp:attachment":[{"href":"https:\/\/ozince.com\/magaza\/wp-json\/wp\/v2\/media?parent=8752"}],"wp:term":[{"taxonomy":"product_brand","embeddable":true,"href":"https:\/\/ozince.com\/magaza\/wp-json\/wp\/v2\/product_brand?post=8752"},{"taxonomy":"product_cat","embeddable":true,"href":"https:\/\/ozince.com\/magaza\/wp-json\/wp\/v2\/product_cat?post=8752"},{"taxonomy":"product_tag","embeddable":true,"href":"https:\/\/ozince.com\/magaza\/wp-json\/wp\/v2\/product_tag?post=8752"}],"curies":[{"name":"wp","href":"https:\/\/api.w.org\/{rel}","templated":true}]}}