{"id":8743,"date":"2026-04-07T08:12:09","date_gmt":"2026-04-07T05:12:09","guid":{"rendered":"https:\/\/ozince.com\/magaza\/kategorilenmemis\/vr-14-32132-02-civata-silindir-kapak-saplamasi-corsa-c-corsa-d-astra-h-z10xep-z12xep-z14xep-z14xer-12-adet\/"},"modified":"2026-04-07T08:12:11","modified_gmt":"2026-04-07T05:12:11","slug":"vr-14-32132-02-civata-silindir-kapak-saplamasi-corsa-c-corsa-d-astra-h-z10xep-z12xep-z14xep-z14xer-12-adet","status":"publish","type":"product","link":"https:\/\/ozince.com\/magaza\/motor-mekanik-urunleri\/vr-14-32132-02-civata-silindir-kapak-saplamasi-corsa-c-corsa-d-astra-h-z10xep-z12xep-z14xep-z14xer-12-adet\/","title":{"rendered":"VR-14-32132-02 C\u0130VATA S\u0130L\u0130ND\u0130R KAPAK SAPLAMASI CORSA C \/ CORSA D \/ ASTRA H Z10XEP-Z12XEP-Z14XEP-Z14XER (12 ADET)"},"content":{"rendered":"","protected":false},"excerpt":{"rendered":"","protected":false},"featured_media":16021,"template":"","meta":[],"product_brand":[422],"product_cat":[298],"product_tag":[378],"class_list":{"0":"post-8743","1":"product","2":"type-product","3":"status-publish","4":"has-post-thumbnail","6":"arac_markasi_modeli-astra-h","7":"arac_markasi_modeli-corsa-c","8":"arac_markasi_modeli-corsa-d","9":"arac_markasi_modeli-opel","10":"product_brand-v-reinz","11":"product_cat-motor-mekanik-urunleri","12":"product_tag-altay","14":"first","15":"outofstock","16":"taxable","17":"shipping-taxable","18":"purchasable","19":"product-type-simple"},"jetpack_sharing_enabled":true,"_links":{"self":[{"href":"https:\/\/ozince.com\/magaza\/wp-json\/wp\/v2\/product\/8743","targetHints":{"allow":["GET"]}}],"collection":[{"href":"https:\/\/ozince.com\/magaza\/wp-json\/wp\/v2\/product"}],"about":[{"href":"https:\/\/ozince.com\/magaza\/wp-json\/wp\/v2\/types\/product"}],"wp:featuredmedia":[{"embeddable":true,"href":"https:\/\/ozince.com\/magaza\/wp-json\/wp\/v2\/media\/16021"}],"wp:attachment":[{"href":"https:\/\/ozince.com\/magaza\/wp-json\/wp\/v2\/media?parent=8743"}],"wp:term":[{"taxonomy":"product_brand","embeddable":true,"href":"https:\/\/ozince.com\/magaza\/wp-json\/wp\/v2\/product_brand?post=8743"},{"taxonomy":"product_cat","embeddable":true,"href":"https:\/\/ozince.com\/magaza\/wp-json\/wp\/v2\/product_cat?post=8743"},{"taxonomy":"product_tag","embeddable":true,"href":"https:\/\/ozince.com\/magaza\/wp-json\/wp\/v2\/product_tag?post=8743"}],"curies":[{"name":"wp","href":"https:\/\/api.w.org\/{rel}","templated":true}]}}