{"id":8736,"date":"2026-04-15T08:12:16","date_gmt":"2026-04-15T05:12:16","guid":{"rendered":"https:\/\/ozince.com\/magaza\/kategorilenmemis\/swg-40108275-kulbutor-kapagi-astra-j-k-insignia-a-b-mokka-x-meriva-b-zafira-c-a16dth-b16dth-b16dtc\/"},"modified":"2026-04-15T08:12:17","modified_gmt":"2026-04-15T05:12:17","slug":"swg-40108275-kulbutor-kapagi-astra-j-k-insignia-a-b-mokka-x-meriva-b-zafira-c-a16dth-b16dth-b16dtc","status":"publish","type":"product","link":"https:\/\/ozince.com\/magaza\/motor-mekanik-urunleri\/swg-40108275-kulbutor-kapagi-astra-j-k-insignia-a-b-mokka-x-meriva-b-zafira-c-a16dth-b16dth-b16dtc\/","title":{"rendered":"SWG-40108275 K\u00dcLB\u00dcT\u00d6R KAPA\u011eI ASTRA J \/ K \/ INSIGNIA A \/ B \/ MOKKA \/ X \/ MERIVA B \/ ZAFIRA C  A16DTH-B16DTH-B16DTC"},"content":{"rendered":"","protected":false},"excerpt":{"rendered":"","protected":false},"featured_media":13303,"template":"","meta":[],"product_brand":[309],"product_cat":[298],"product_tag":[378],"class_list":{"0":"post-8736","1":"product","2":"type-product","3":"status-publish","4":"has-post-thumbnail","6":"arac_markasi_modeli-astra-j","7":"arac_markasi_modeli-insignia-a","8":"arac_markasi_modeli-meriva","9":"arac_markasi_modeli-meriva-b","10":"arac_markasi_modeli-mokka","11":"arac_markasi_modeli-opel","12":"arac_markasi_modeli-zafira-c","13":"product_brand-swag","14":"product_cat-motor-mekanik-urunleri","15":"product_tag-altay","17":"first","18":"instock","19":"taxable","20":"shipping-taxable","21":"purchasable","22":"product-type-simple"},"jetpack_sharing_enabled":true,"_links":{"self":[{"href":"https:\/\/ozince.com\/magaza\/wp-json\/wp\/v2\/product\/8736","targetHints":{"allow":["GET"]}}],"collection":[{"href":"https:\/\/ozince.com\/magaza\/wp-json\/wp\/v2\/product"}],"about":[{"href":"https:\/\/ozince.com\/magaza\/wp-json\/wp\/v2\/types\/product"}],"wp:featuredmedia":[{"embeddable":true,"href":"https:\/\/ozince.com\/magaza\/wp-json\/wp\/v2\/media\/13303"}],"wp:attachment":[{"href":"https:\/\/ozince.com\/magaza\/wp-json\/wp\/v2\/media?parent=8736"}],"wp:term":[{"taxonomy":"product_brand","embeddable":true,"href":"https:\/\/ozince.com\/magaza\/wp-json\/wp\/v2\/product_brand?post=8736"},{"taxonomy":"product_cat","embeddable":true,"href":"https:\/\/ozince.com\/magaza\/wp-json\/wp\/v2\/product_cat?post=8736"},{"taxonomy":"product_tag","embeddable":true,"href":"https:\/\/ozince.com\/magaza\/wp-json\/wp\/v2\/product_tag?post=8736"}],"curies":[{"name":"wp","href":"https:\/\/api.w.org\/{rel}","templated":true}]}}