{"id":8734,"date":"2026-04-08T08:08:36","date_gmt":"2026-04-08T05:08:36","guid":{"rendered":"https:\/\/ozince.com\/magaza\/kategorilenmemis\/fae-24519-musur-fren-pedal-corsa-c-combo-c-corsa-d-meriva-a-meriva-b-tigra-b-4-fisli\/"},"modified":"2026-04-08T08:08:36","modified_gmt":"2026-04-08T05:08:36","slug":"fae-24519-musur-fren-pedal-corsa-c-combo-c-corsa-d-meriva-a-meriva-b-tigra-b-4-fisli","status":"publish","type":"product","link":"https:\/\/ozince.com\/magaza\/sensor-ve-elektrik-urunleri\/fae-24519-musur-fren-pedal-corsa-c-combo-c-corsa-d-meriva-a-meriva-b-tigra-b-4-fisli\/","title":{"rendered":"FAE-24519 M\u00dc\u015e\u00dcR FREN PEDAL CORSA C \/ COMBO C \/ CORSA D \/ MERIVA A \/ MERIVA B \/ TIGRA B 4 F\u0130\u015eL\u0130"},"content":{"rendered":"","protected":false},"excerpt":{"rendered":"","protected":false},"featured_media":0,"template":"","meta":[],"product_brand":[428],"product_cat":[374],"product_tag":[378],"class_list":{"0":"post-8734","1":"product","2":"type-product","3":"status-publish","5":"arac_markasi_modeli-combo-c","6":"arac_markasi_modeli-corsa-c","7":"arac_markasi_modeli-corsa-d","8":"arac_markasi_modeli-meriva","9":"arac_markasi_modeli-meriva-a","10":"arac_markasi_modeli-meriva-b","11":"arac_markasi_modeli-opel","12":"arac_markasi_modeli-tigra","13":"arac_markasi_modeli-tigra-b","14":"product_brand-fae","15":"product_cat-sensor-ve-elektrik-urunleri","16":"product_tag-altay","18":"first","19":"outofstock","20":"taxable","21":"shipping-taxable","22":"purchasable","23":"product-type-simple"},"jetpack_sharing_enabled":true,"_links":{"self":[{"href":"https:\/\/ozince.com\/magaza\/wp-json\/wp\/v2\/product\/8734","targetHints":{"allow":["GET"]}}],"collection":[{"href":"https:\/\/ozince.com\/magaza\/wp-json\/wp\/v2\/product"}],"about":[{"href":"https:\/\/ozince.com\/magaza\/wp-json\/wp\/v2\/types\/product"}],"wp:attachment":[{"href":"https:\/\/ozince.com\/magaza\/wp-json\/wp\/v2\/media?parent=8734"}],"wp:term":[{"taxonomy":"product_brand","embeddable":true,"href":"https:\/\/ozince.com\/magaza\/wp-json\/wp\/v2\/product_brand?post=8734"},{"taxonomy":"product_cat","embeddable":true,"href":"https:\/\/ozince.com\/magaza\/wp-json\/wp\/v2\/product_cat?post=8734"},{"taxonomy":"product_tag","embeddable":true,"href":"https:\/\/ozince.com\/magaza\/wp-json\/wp\/v2\/product_tag?post=8734"}],"curies":[{"name":"wp","href":"https:\/\/api.w.org\/{rel}","templated":true}]}}