{"id":8717,"date":"2026-04-07T08:12:06","date_gmt":"2026-04-07T05:12:06","guid":{"rendered":"https:\/\/ozince.com\/magaza\/kategorilenmemis\/vr-61-34335-00-silindir-kapak-conta-astra-g-meriva-a-z16se\/"},"modified":"2026-04-07T08:12:06","modified_gmt":"2026-04-07T05:12:06","slug":"vr-61-34335-00-silindir-kapak-conta-astra-g-meriva-a-z16se","status":"publish","type":"product","link":"https:\/\/ozince.com\/magaza\/motor-mekanik-urunleri\/vr-61-34335-00-silindir-kapak-conta-astra-g-meriva-a-z16se\/","title":{"rendered":"VR-61-34335-00 S\u0130L\u0130ND\u0130R KAPAK CONTA ASTRA G \/ MERIVA A Z16SE-"},"content":{"rendered":"","protected":false},"excerpt":{"rendered":"","protected":false},"featured_media":0,"template":"","meta":[],"product_brand":[422],"product_cat":[298],"product_tag":[378],"class_list":{"0":"post-8717","1":"product","2":"type-product","3":"status-publish","5":"arac_markasi_modeli-astra-g","6":"arac_markasi_modeli-meriva","7":"arac_markasi_modeli-meriva-a","8":"arac_markasi_modeli-opel","9":"product_brand-v-reinz","10":"product_cat-motor-mekanik-urunleri","11":"product_tag-altay","13":"first","14":"outofstock","15":"taxable","16":"shipping-taxable","17":"purchasable","18":"product-type-simple"},"jetpack_sharing_enabled":true,"_links":{"self":[{"href":"https:\/\/ozince.com\/magaza\/wp-json\/wp\/v2\/product\/8717","targetHints":{"allow":["GET"]}}],"collection":[{"href":"https:\/\/ozince.com\/magaza\/wp-json\/wp\/v2\/product"}],"about":[{"href":"https:\/\/ozince.com\/magaza\/wp-json\/wp\/v2\/types\/product"}],"wp:attachment":[{"href":"https:\/\/ozince.com\/magaza\/wp-json\/wp\/v2\/media?parent=8717"}],"wp:term":[{"taxonomy":"product_brand","embeddable":true,"href":"https:\/\/ozince.com\/magaza\/wp-json\/wp\/v2\/product_brand?post=8717"},{"taxonomy":"product_cat","embeddable":true,"href":"https:\/\/ozince.com\/magaza\/wp-json\/wp\/v2\/product_cat?post=8717"},{"taxonomy":"product_tag","embeddable":true,"href":"https:\/\/ozince.com\/magaza\/wp-json\/wp\/v2\/product_tag?post=8717"}],"curies":[{"name":"wp","href":"https:\/\/api.w.org\/{rel}","templated":true}]}}