{"id":8707,"date":"2026-04-13T08:10:23","date_gmt":"2026-04-13T05:10:23","guid":{"rendered":"https:\/\/ozince.com\/magaza\/kategorilenmemis\/ozg-ch15-002-silindir-kapagi-vectra-2-0-8v-vectra-a-c20ne\/"},"modified":"2026-04-13T08:10:23","modified_gmt":"2026-04-13T05:10:23","slug":"ozg-ch15-002-silindir-kapagi-vectra-2-0-8v-vectra-a-c20ne","status":"publish","type":"product","link":"https:\/\/ozince.com\/magaza\/motor-mekanik-urunleri\/ozg-ch15-002-silindir-kapagi-vectra-2-0-8v-vectra-a-c20ne\/","title":{"rendered":"OZG-CH15-002 S\u0130L\u0130ND\u0130R KAPA\u011eI VECTRA 2.0 8V (VECTRA A) C20NE"},"content":{"rendered":"","protected":false},"excerpt":{"rendered":"","protected":false},"featured_media":0,"template":"","meta":[],"product_brand":[440],"product_cat":[298],"product_tag":[378],"class_list":{"0":"post-8707","1":"product","2":"type-product","3":"status-publish","5":"arac_markasi_modeli-opel","6":"arac_markasi_modeli-vectra-a","7":"product_brand-ozgayd","8":"product_cat-motor-mekanik-urunleri","9":"product_tag-altay","11":"first","12":"instock","13":"taxable","14":"shipping-taxable","15":"purchasable","16":"product-type-simple"},"jetpack_sharing_enabled":true,"_links":{"self":[{"href":"https:\/\/ozince.com\/magaza\/wp-json\/wp\/v2\/product\/8707","targetHints":{"allow":["GET"]}}],"collection":[{"href":"https:\/\/ozince.com\/magaza\/wp-json\/wp\/v2\/product"}],"about":[{"href":"https:\/\/ozince.com\/magaza\/wp-json\/wp\/v2\/types\/product"}],"wp:attachment":[{"href":"https:\/\/ozince.com\/magaza\/wp-json\/wp\/v2\/media?parent=8707"}],"wp:term":[{"taxonomy":"product_brand","embeddable":true,"href":"https:\/\/ozince.com\/magaza\/wp-json\/wp\/v2\/product_brand?post=8707"},{"taxonomy":"product_cat","embeddable":true,"href":"https:\/\/ozince.com\/magaza\/wp-json\/wp\/v2\/product_cat?post=8707"},{"taxonomy":"product_tag","embeddable":true,"href":"https:\/\/ozince.com\/magaza\/wp-json\/wp\/v2\/product_tag?post=8707"}],"curies":[{"name":"wp","href":"https:\/\/api.w.org\/{rel}","templated":true}]}}