{"id":8699,"date":"2026-04-06T08:14:02","date_gmt":"2026-04-06T05:14:02","guid":{"rendered":"https:\/\/ozince.com\/magaza\/kategorilenmemis\/blp-adg02136-yag-filtresi-captiva-epica-cruze-antara-lacetti-07-12-2-0-d-z20s\/"},"modified":"2026-04-06T08:14:02","modified_gmt":"2026-04-06T05:14:02","slug":"blp-adg02136-yag-filtresi-captiva-epica-cruze-antara-lacetti-07-12-2-0-d-z20s","status":"publish","type":"product","link":"https:\/\/ozince.com\/magaza\/periyodik-bakim-ve-filtre-urunleri\/blp-adg02136-yag-filtresi-captiva-epica-cruze-antara-lacetti-07-12-2-0-d-z20s\/","title":{"rendered":"BLP-ADG02136 YA\u011e F\u0130LTRES\u0130 CAPT\u0130VA \/ EP\u0130CA \/ CRUZE \/ ANTARA \/ LACETT\u0130 07-12 2.0 D Z20S"},"content":{"rendered":"","protected":false},"excerpt":{"rendered":"","protected":false},"featured_media":13146,"template":"","meta":[],"product_brand":[416],"product_cat":[352],"product_tag":[378],"class_list":{"0":"post-8699","1":"product","2":"type-product","3":"status-publish","4":"has-post-thumbnail","6":"arac_markasi_modeli-antara","7":"arac_markasi_modeli-captiva","8":"arac_markasi_modeli-chevrolet","9":"arac_markasi_modeli-cruze","10":"arac_markasi_modeli-epica","11":"arac_markasi_modeli-lacetti","12":"product_brand-blueprin","13":"product_cat-periyodik-bakim-ve-filtre-urunleri","14":"product_tag-altay","16":"first","17":"instock","18":"taxable","19":"shipping-taxable","20":"purchasable","21":"product-type-simple"},"jetpack_sharing_enabled":true,"_links":{"self":[{"href":"https:\/\/ozince.com\/magaza\/wp-json\/wp\/v2\/product\/8699","targetHints":{"allow":["GET"]}}],"collection":[{"href":"https:\/\/ozince.com\/magaza\/wp-json\/wp\/v2\/product"}],"about":[{"href":"https:\/\/ozince.com\/magaza\/wp-json\/wp\/v2\/types\/product"}],"wp:featuredmedia":[{"embeddable":true,"href":"https:\/\/ozince.com\/magaza\/wp-json\/wp\/v2\/media\/13146"}],"wp:attachment":[{"href":"https:\/\/ozince.com\/magaza\/wp-json\/wp\/v2\/media?parent=8699"}],"wp:term":[{"taxonomy":"product_brand","embeddable":true,"href":"https:\/\/ozince.com\/magaza\/wp-json\/wp\/v2\/product_brand?post=8699"},{"taxonomy":"product_cat","embeddable":true,"href":"https:\/\/ozince.com\/magaza\/wp-json\/wp\/v2\/product_cat?post=8699"},{"taxonomy":"product_tag","embeddable":true,"href":"https:\/\/ozince.com\/magaza\/wp-json\/wp\/v2\/product_tag?post=8699"}],"curies":[{"name":"wp","href":"https:\/\/api.w.org\/{rel}","templated":true}]}}