{"id":8690,"date":"2026-04-12T08:09:46","date_gmt":"2026-04-12T05:09:46","guid":{"rendered":"https:\/\/ozince.com\/magaza\/kategorilenmemis\/win-0500617-hortum-enjektor-geri-donus-astra-h-1-9-cdti-04-10-combo-d-12-1-6-cdti-2-0-cdti\/"},"modified":"2026-04-12T08:09:47","modified_gmt":"2026-04-12T05:09:47","slug":"win-0500617-hortum-enjektor-geri-donus-astra-h-1-9-cdti-04-10-combo-d-12-1-6-cdti-2-0-cdti","status":"publish","type":"product","link":"https:\/\/ozince.com\/magaza\/motor-sogutma-ve-radyator-urunleri\/win-0500617-hortum-enjektor-geri-donus-astra-h-1-9-cdti-04-10-combo-d-12-1-6-cdti-2-0-cdti\/","title":{"rendered":"WIN-0500617 HORTUM ENJEKT\u00d6R GER\u0130 D\u00d6N\u00dc\u015e ASTRA H 1.9 CDTI 04-10 \/ COMBO D 12= 1.6 CDTI-2.0 CDTI"},"content":{"rendered":"","protected":false},"excerpt":{"rendered":"","protected":false},"featured_media":15880,"template":"","meta":[],"product_brand":[423],"product_cat":[324],"product_tag":[378],"class_list":{"0":"post-8690","1":"product","2":"type-product","3":"status-publish","4":"has-post-thumbnail","6":"arac_markasi_modeli-astra-h","7":"arac_markasi_modeli-combo-d","8":"arac_markasi_modeli-opel","9":"product_brand-wintech","10":"product_cat-motor-sogutma-ve-radyator-urunleri","11":"product_tag-altay","13":"first","14":"instock","15":"taxable","16":"shipping-taxable","17":"purchasable","18":"product-type-simple"},"jetpack_sharing_enabled":true,"_links":{"self":[{"href":"https:\/\/ozince.com\/magaza\/wp-json\/wp\/v2\/product\/8690","targetHints":{"allow":["GET"]}}],"collection":[{"href":"https:\/\/ozince.com\/magaza\/wp-json\/wp\/v2\/product"}],"about":[{"href":"https:\/\/ozince.com\/magaza\/wp-json\/wp\/v2\/types\/product"}],"wp:featuredmedia":[{"embeddable":true,"href":"https:\/\/ozince.com\/magaza\/wp-json\/wp\/v2\/media\/15880"}],"wp:attachment":[{"href":"https:\/\/ozince.com\/magaza\/wp-json\/wp\/v2\/media?parent=8690"}],"wp:term":[{"taxonomy":"product_brand","embeddable":true,"href":"https:\/\/ozince.com\/magaza\/wp-json\/wp\/v2\/product_brand?post=8690"},{"taxonomy":"product_cat","embeddable":true,"href":"https:\/\/ozince.com\/magaza\/wp-json\/wp\/v2\/product_cat?post=8690"},{"taxonomy":"product_tag","embeddable":true,"href":"https:\/\/ozince.com\/magaza\/wp-json\/wp\/v2\/product_tag?post=8690"}],"curies":[{"name":"wp","href":"https:\/\/api.w.org\/{rel}","templated":true}]}}